{"id":96,"date":"2022-03-24T17:05:09","date_gmt":"2022-03-24T22:05:09","guid":{"rendered":"http:\/\/localhost\/genomica\/?page_id=96"},"modified":"2022-05-12T09:57:28","modified_gmt":"2022-05-12T14:57:28","slug":"laboratorio","status":"publish","type":"page","link":"https:\/\/www.uniamazonia.edu.co\/genomica\/index.php\/laboratorio\/","title":{"rendered":"Laboratorio"},"content":{"rendered":"\t\t<div data-elementor-type=\"wp-page\" data-elementor-id=\"96\" class=\"elementor elementor-96\">\n\t\t\t\t\t\t\t\t\t<section class=\"elementor-section elementor-top-section elementor-element elementor-element-064758a elementor-section-boxed elementor-section-height-default elementor-section-height-default\" data-id=\"064758a\" data-element_type=\"section\">\n\t\t\t\t\t\t<div class=\"elementor-container elementor-column-gap-default\">\n\t\t\t\t\t<div class=\"elementor-column elementor-col-100 elementor-top-column elementor-element elementor-element-5dc7a23\" data-id=\"5dc7a23\" data-element_type=\"column\">\n\t\t\t<div class=\"elementor-widget-wrap elementor-element-populated\">\n\t\t\t\t\t\t\t\t<div class=\"elementor-element elementor-element-708ad85 elementor-position-left elementor-vertical-align-top elementor-widget elementor-widget-image-box\" data-id=\"708ad85\" data-element_type=\"widget\" data-widget_type=\"image-box.default\">\n\t\t\t\t<div class=\"elementor-widget-container\">\n\t\t\t<style>\/*! elementor - v3.6.1 - 23-03-2022 *\/\n.elementor-widget-image-box .elementor-image-box-content{width:100%}@media (min-width:768px){.elementor-widget-image-box.elementor-position-left .elementor-image-box-wrapper,.elementor-widget-image-box.elementor-position-right .elementor-image-box-wrapper{display:-webkit-box;display:-ms-flexbox;display:flex}.elementor-widget-image-box.elementor-position-right .elementor-image-box-wrapper{text-align:right;-webkit-box-orient:horizontal;-webkit-box-direction:reverse;-ms-flex-direction:row-reverse;flex-direction:row-reverse}.elementor-widget-image-box.elementor-position-left .elementor-image-box-wrapper{text-align:left;-webkit-box-orient:horizontal;-webkit-box-direction:normal;-ms-flex-direction:row;flex-direction:row}.elementor-widget-image-box.elementor-position-top .elementor-image-box-img{margin:auto}.elementor-widget-image-box.elementor-vertical-align-top .elementor-image-box-wrapper{-webkit-box-align:start;-ms-flex-align:start;align-items:flex-start}.elementor-widget-image-box.elementor-vertical-align-middle .elementor-image-box-wrapper{-webkit-box-align:center;-ms-flex-align:center;align-items:center}.elementor-widget-image-box.elementor-vertical-align-bottom .elementor-image-box-wrapper{-webkit-box-align:end;-ms-flex-align:end;align-items:flex-end}}@media (max-width:767px){.elementor-widget-image-box .elementor-image-box-img{margin-left:auto!important;margin-right:auto!important;margin-bottom:15px}}.elementor-widget-image-box .elementor-image-box-img{display:inline-block}.elementor-widget-image-box .elementor-image-box-title a{color:inherit}.elementor-widget-image-box .elementor-image-box-wrapper{text-align:center}.elementor-widget-image-box .elementor-image-box-description{margin:0}<\/style><div class=\"elementor-image-box-wrapper\"><figure class=\"elementor-image-box-img\"><img width=\"12\" height=\"47\" src=\"https:\/\/www.uniamazonia.edu.co\/genomica\/wp-content\/uploads\/2022\/03\/linea_1.png\" class=\"attachment-full size-full\" alt=\"\" loading=\"lazy\" \/><\/figure><div class=\"elementor-image-box-content\"><h3 class=\"elementor-image-box-title\">Laboratorio de gen\u00e9tica, biolog\u00eda molecular y bioinform\u00e1tica<\/h3><\/div><\/div>\t\t<\/div>\n\t\t\t\t<\/div>\n\t\t\t\t\t<\/div>\n\t\t<\/div>\n\t\t\t\t\t\t\t<\/div>\n\t\t<\/section>\n\t\t\t\t<section class=\"elementor-section elementor-top-section elementor-element elementor-element-a4dd976 elementor-section-boxed elementor-section-height-default elementor-section-height-default\" data-id=\"a4dd976\" data-element_type=\"section\">\n\t\t\t\t\t\t<div class=\"elementor-container elementor-column-gap-default\">\n\t\t\t\t\t<div class=\"elementor-column elementor-col-100 elementor-top-column elementor-element elementor-element-7fb0336\" data-id=\"7fb0336\" data-element_type=\"column\">\n\t\t\t<div class=\"elementor-widget-wrap elementor-element-populated\">\n\t\t\t\t\t\t\t\t<div class=\"elementor-element elementor-element-9fc6418 elementor-widget elementor-widget-text-editor\" data-id=\"9fc6418\" data-element_type=\"widget\" data-widget_type=\"text-editor.default\">\n\t\t\t\t<div class=\"elementor-widget-container\">\n\t\t\t<style>\/*! elementor - v3.6.1 - 23-03-2022 *\/\n.elementor-widget-text-editor.elementor-drop-cap-view-stacked .elementor-drop-cap{background-color:#818a91;color:#fff}.elementor-widget-text-editor.elementor-drop-cap-view-framed .elementor-drop-cap{color:#818a91;border:3px solid;background-color:transparent}.elementor-widget-text-editor:not(.elementor-drop-cap-view-default) .elementor-drop-cap{margin-top:8px}.elementor-widget-text-editor:not(.elementor-drop-cap-view-default) .elementor-drop-cap-letter{width:1em;height:1em}.elementor-widget-text-editor .elementor-drop-cap{float:left;text-align:center;line-height:1;font-size:50px}.elementor-widget-text-editor .elementor-drop-cap-letter{display:inline-block}<\/style>\t\t\t\t<span lang=\"ES\" style=\"box-sizing: border-box; margin: 0px; padding: 0px; outline: 0px; font-size: 11pt; line-height: 15.6933px; font-family: Lato; color: #000;\">Laboratorio ampliamente equipado contando con los recursos f\u00edsicos necesarios para adelantar investigaci\u00f3n de punta. En este laboratorio se desarrolla el proceso de muestras de origen animal para realizaci\u00f3n de secuenciamiento y gen\u00f3mica, utilizando t\u00e9cnicas como extracci\u00f3n, cuantificaci\u00f3n y verificaci\u00f3n de calidad del ADN, amplificaci\u00f3n de fragmentos de \u00e1cidos nucleicos por PCR, visualizaci\u00f3n de \u00e1cidos nucleicos por electroforesis en gel de agarosa, cuantificaci\u00f3n de ADN, RNA y prote\u00edna.\nComo complemento de este laboratorio, se cuenta con un \u00e1rea de bioinform\u00e1tica en la cual se desarrollan m\u00e9todos y herramientas computacionales para entender los datos biol\u00f3gicos obtenidos, principalmente los data sets de gen\u00f3mica.\n<\/span>\t\t\t\t\t\t<\/div>\n\t\t\t\t<\/div>\n\t\t\t\t<div class=\"elementor-element elementor-element-e57bb1a elementor-arrows-position-inside elementor-pagination-position-outside elementor-widget elementor-widget-image-carousel\" data-id=\"e57bb1a\" data-element_type=\"widget\" data-settings=\"{&quot;slides_to_show&quot;:&quot;1&quot;,&quot;navigation&quot;:&quot;both&quot;,&quot;autoplay&quot;:&quot;yes&quot;,&quot;pause_on_hover&quot;:&quot;yes&quot;,&quot;pause_on_interaction&quot;:&quot;yes&quot;,&quot;autoplay_speed&quot;:5000,&quot;infinite&quot;:&quot;yes&quot;,&quot;effect&quot;:&quot;slide&quot;,&quot;speed&quot;:500}\" data-widget_type=\"image-carousel.default\">\n\t\t\t\t<div class=\"elementor-widget-container\">\n\t\t\t<style>\/*! elementor - v3.6.1 - 23-03-2022 *\/\n.elementor-widget-image-carousel .swiper-container{position:static}.elementor-widget-image-carousel .swiper-container .swiper-slide figure{line-height:inherit}.elementor-widget-image-carousel .swiper-slide{text-align:center}.elementor-image-carousel-wrapper:not(.swiper-container-initialized) .swiper-slide{max-width:calc(100% \/ var(--e-image-carousel-slides-to-show, 3))}<\/style>\t\t<div class=\"elementor-image-carousel-wrapper swiper-container\" dir=\"ltr\">\n\t\t\t<div class=\"elementor-image-carousel swiper-wrapper\">\n\t\t\t\t\t\t\t\t<div class=\"swiper-slide\"><figure class=\"swiper-slide-inner\"><img class=\"swiper-slide-image\" src=\"https:\/\/www.uniamazonia.edu.co\/genomica\/wp-content\/uploads\/elementor\/thumbs\/20210330_075116-scaled-ptr3d8p5hvcmrfm7uto70ntsuddupc6w0dozxd23nk.jpg\" alt=\"20210330_075116\" \/><\/figure><\/div><div class=\"swiper-slide\"><figure class=\"swiper-slide-inner\"><img class=\"swiper-slide-image\" src=\"https:\/\/www.uniamazonia.edu.co\/genomica\/wp-content\/uploads\/elementor\/thumbs\/20210512_074153-scaled-ptr3d9mzopdx31kupc2tl5l9fr97x1amcichen0phc.jpg\" alt=\"20210512_074153\" \/><\/figure><\/div><div class=\"swiper-slide\"><figure class=\"swiper-slide-inner\"><img class=\"swiper-slide-image\" src=\"https:\/\/www.uniamazonia.edu.co\/genomica\/wp-content\/uploads\/elementor\/thumbs\/20210330_075100-1-scaled-ptr3d8p5hvcmrfm7uto70ntsuddupc6w0dozxd23nk.jpg\" alt=\"20210330_075100\" \/><\/figure><\/div><div class=\"swiper-slide\"><figure class=\"swiper-slide-inner\"><img class=\"swiper-slide-image\" src=\"https:\/\/www.uniamazonia.edu.co\/genomica\/wp-content\/uploads\/elementor\/thumbs\/20210405_084412-1-scaled-ptr3d8p5hvcmrfm7uto70ntsuddupc6w0dozxd23nk.jpg\" alt=\"20210405_084412\" \/><\/figure><\/div>\t\t\t<\/div>\n\t\t\t\t\t\t\t\t\t\t\t\t<div class=\"swiper-pagination\"><\/div>\n\t\t\t\t\t\t\t\t\t\t\t\t\t<div class=\"elementor-swiper-button elementor-swiper-button-prev\">\n\t\t\t\t\t\t<i aria-hidden=\"true\" class=\"eicon-chevron-left\"><\/i>\t\t\t\t\t\t<span class=\"elementor-screen-only\">Anterior<\/span>\n\t\t\t\t\t<\/div>\n\t\t\t\t\t<div class=\"elementor-swiper-button elementor-swiper-button-next\">\n\t\t\t\t\t\t<i aria-hidden=\"true\" class=\"eicon-chevron-right\"><\/i>\t\t\t\t\t\t<span class=\"elementor-screen-only\">Siguiente<\/span>\n\t\t\t\t\t<\/div>\n\t\t\t\t\t\t\t\t\t<\/div>\n\t\t\t\t<\/div>\n\t\t\t\t<\/div>\n\t\t\t\t\t<\/div>\n\t\t<\/div>\n\t\t\t\t\t\t\t<\/div>\n\t\t<\/section>\n\t\t\t\t<section class=\"elementor-section elementor-top-section elementor-element elementor-element-7c3cec8 elementor-section-boxed elementor-section-height-default elementor-section-height-default\" data-id=\"7c3cec8\" data-element_type=\"section\" data-settings=\"{&quot;background_background&quot;:&quot;classic&quot;}\">\n\t\t\t\t\t\t<div class=\"elementor-container elementor-column-gap-default\">\n\t\t\t\t\t<div class=\"elementor-column elementor-col-100 elementor-top-column elementor-element elementor-element-6c0d839\" data-id=\"6c0d839\" data-element_type=\"column\">\n\t\t\t<div class=\"elementor-widget-wrap elementor-element-populated\">\n\t\t\t\t\t\t\t\t<div class=\"elementor-element elementor-element-7161204 elementor-position-left elementor-vertical-align-top elementor-widget elementor-widget-image-box\" data-id=\"7161204\" data-element_type=\"widget\" data-widget_type=\"image-box.default\">\n\t\t\t\t<div class=\"elementor-widget-container\">\n\t\t\t<div class=\"elementor-image-box-wrapper\"><figure class=\"elementor-image-box-img\"><img width=\"12\" height=\"47\" src=\"https:\/\/www.uniamazonia.edu.co\/genomica\/wp-content\/uploads\/2022\/03\/linea_1.png\" class=\"attachment-full size-full\" alt=\"\" loading=\"lazy\" \/><\/figure><div class=\"elementor-image-box-content\"><h3 class=\"elementor-image-box-title\">Laboratorio de producci\u00f3n in vitro de embriones<\/h3><\/div><\/div>\t\t<\/div>\n\t\t\t\t<\/div>\n\t\t\t\t\t<\/div>\n\t\t<\/div>\n\t\t\t\t\t\t\t<\/div>\n\t\t<\/section>\n\t\t\t\t<section class=\"elementor-section elementor-top-section elementor-element elementor-element-614534b elementor-section-boxed elementor-section-height-default elementor-section-height-default\" data-id=\"614534b\" data-element_type=\"section\" data-settings=\"{&quot;background_background&quot;:&quot;classic&quot;}\">\n\t\t\t\t\t\t<div class=\"elementor-container elementor-column-gap-default\">\n\t\t\t\t\t<div class=\"elementor-column elementor-col-100 elementor-top-column elementor-element elementor-element-ceae2e1\" data-id=\"ceae2e1\" data-element_type=\"column\">\n\t\t\t<div class=\"elementor-widget-wrap elementor-element-populated\">\n\t\t\t\t\t\t\t\t<div class=\"elementor-element elementor-element-103d417 elementor-widget elementor-widget-text-editor\" data-id=\"103d417\" data-element_type=\"widget\" data-widget_type=\"text-editor.default\">\n\t\t\t\t<div class=\"elementor-widget-container\">\n\t\t\t\t\t\t\t<span lang=\"ES\" style=\"box-sizing: border-box; margin: 0px; padding: 0px; outline: 0px; font-size: 11pt; line-height: 15.6933px; font-family: Lato; color: #fff;\">En el laboratorio de producci\u00f3n in vitro de embriones se llevan a cabo las t\u00e9cnicas avanzadas de reproducci\u00f3n asistida en bovinos. La fecundaci\u00f3n in vitro (FIV), una de las t\u00e9cnicas ampliamente utilizada, consiste en llevar a cabo en el laboratorio una serie de procedimientos que precisan de requisitos y condiciones espec\u00edficas para garantizar el \u00e9xito del proceso. Esta t\u00e9cnica consiste en fecundar el oocito (estructura femenina) con el espermatozoide (estructura masculina) en condiciones de cultivo in vitro, previa obtenci\u00f3n y preparaci\u00f3n de cada gameto, y posterior transferencia de los embriones obtenidos al \u00fatero de las receptoras. Mediante esta t\u00e9cnica de reproducci\u00f3n asistida y bajo asesor\u00edas de progreso gen\u00e9tico, los ganaderos del Caquet\u00e1 podr\u00e1n acelerar el mejoramiento gen\u00e9tico de sus hatos.\nLa creaci\u00f3n del laboratorio de producci\u00f3n in vitro de embriones, gen\u00e9tica, biolog\u00eda molecular y bioinformatica es campo interdisciplinar dentro de la universidad que permitir\u00e1 prestar servicio a los peque\u00f1os y medianos productores a costos m\u00e1s bajos. Permitiendo que los peque\u00f1o y medianos productores tambi\u00e9n tengan acceso a estas biotecnologias<\/span>\t\t\t\t\t\t<\/div>\n\t\t\t\t<\/div>\n\t\t\t\t<div class=\"elementor-element elementor-element-89ce058 elementor-arrows-position-inside elementor-pagination-position-outside elementor-widget elementor-widget-image-carousel\" data-id=\"89ce058\" data-element_type=\"widget\" data-settings=\"{&quot;slides_to_show&quot;:&quot;1&quot;,&quot;navigation&quot;:&quot;both&quot;,&quot;autoplay&quot;:&quot;yes&quot;,&quot;pause_on_hover&quot;:&quot;yes&quot;,&quot;pause_on_interaction&quot;:&quot;yes&quot;,&quot;autoplay_speed&quot;:5000,&quot;infinite&quot;:&quot;yes&quot;,&quot;effect&quot;:&quot;slide&quot;,&quot;speed&quot;:500}\" data-widget_type=\"image-carousel.default\">\n\t\t\t\t<div class=\"elementor-widget-container\">\n\t\t\t\t\t<div class=\"elementor-image-carousel-wrapper swiper-container\" dir=\"ltr\">\n\t\t\t<div class=\"elementor-image-carousel swiper-wrapper\">\n\t\t\t\t\t\t\t\t<div class=\"swiper-slide\"><figure class=\"swiper-slide-inner\"><img class=\"swiper-slide-image\" src=\"https:\/\/www.uniamazonia.edu.co\/genomica\/wp-content\/uploads\/2022\/05\/1.png\" alt=\"1\" \/><\/figure><\/div><div class=\"swiper-slide\"><figure class=\"swiper-slide-inner\"><img class=\"swiper-slide-image\" src=\"https:\/\/www.uniamazonia.edu.co\/genomica\/wp-content\/uploads\/2022\/05\/2.png\" alt=\"2\" \/><\/figure><\/div><div class=\"swiper-slide\"><figure class=\"swiper-slide-inner\"><img class=\"swiper-slide-image\" src=\"https:\/\/www.uniamazonia.edu.co\/genomica\/wp-content\/uploads\/2022\/05\/3.png\" alt=\"3\" \/><\/figure><\/div><div class=\"swiper-slide\"><figure class=\"swiper-slide-inner\"><img class=\"swiper-slide-image\" src=\"https:\/\/www.uniamazonia.edu.co\/genomica\/wp-content\/uploads\/2022\/05\/4.png\" alt=\"4\" \/><\/figure><\/div><div class=\"swiper-slide\"><figure class=\"swiper-slide-inner\"><img class=\"swiper-slide-image\" src=\"https:\/\/www.uniamazonia.edu.co\/genomica\/wp-content\/uploads\/2022\/05\/5.png\" alt=\"5\" \/><\/figure><\/div><div class=\"swiper-slide\"><figure class=\"swiper-slide-inner\"><img class=\"swiper-slide-image\" src=\"https:\/\/www.uniamazonia.edu.co\/genomica\/wp-content\/uploads\/2022\/05\/8.png\" alt=\"8\" \/><\/figure><\/div><div class=\"swiper-slide\"><figure class=\"swiper-slide-inner\"><img class=\"swiper-slide-image\" src=\"https:\/\/www.uniamazonia.edu.co\/genomica\/wp-content\/uploads\/2022\/05\/7.png\" alt=\"7\" \/><\/figure><\/div><div class=\"swiper-slide\"><figure class=\"swiper-slide-inner\"><img class=\"swiper-slide-image\" src=\"https:\/\/www.uniamazonia.edu.co\/genomica\/wp-content\/uploads\/2022\/05\/6.png\" alt=\"6\" \/><\/figure><\/div><div class=\"swiper-slide\"><figure class=\"swiper-slide-inner\"><img class=\"swiper-slide-image\" src=\"https:\/\/www.uniamazonia.edu.co\/genomica\/wp-content\/uploads\/2022\/05\/9.png\" alt=\"9\" \/><\/figure><\/div><div class=\"swiper-slide\"><figure class=\"swiper-slide-inner\"><img class=\"swiper-slide-image\" src=\"https:\/\/www.uniamazonia.edu.co\/genomica\/wp-content\/uploads\/2022\/05\/10.png\" alt=\"10\" \/><\/figure><\/div>\t\t\t<\/div>\n\t\t\t\t\t\t\t\t\t\t\t\t<div class=\"swiper-pagination\"><\/div>\n\t\t\t\t\t\t\t\t\t\t\t\t\t<div class=\"elementor-swiper-button elementor-swiper-button-prev\">\n\t\t\t\t\t\t<i aria-hidden=\"true\" class=\"eicon-chevron-left\"><\/i>\t\t\t\t\t\t<span class=\"elementor-screen-only\">Anterior<\/span>\n\t\t\t\t\t<\/div>\n\t\t\t\t\t<div class=\"elementor-swiper-button elementor-swiper-button-next\">\n\t\t\t\t\t\t<i aria-hidden=\"true\" class=\"eicon-chevron-right\"><\/i>\t\t\t\t\t\t<span class=\"elementor-screen-only\">Siguiente<\/span>\n\t\t\t\t\t<\/div>\n\t\t\t\t\t\t\t\t\t<\/div>\n\t\t\t\t<\/div>\n\t\t\t\t<\/div>\n\t\t\t\t\t<\/div>\n\t\t<\/div>\n\t\t\t\t\t\t\t<\/div>\n\t\t<\/section>\n\t\t\t\t\t\t\t<\/div>\n\t\t","protected":false},"excerpt":{"rendered":"<p>Laboratorio de gen\u00e9tica, biolog\u00eda molecular y bioinform\u00e1tica Laboratorio ampliamente equipado contando con los recursos f\u00edsicos necesarios para adelantar investigaci\u00f3n de punta. En este laboratorio se desarrolla el proceso de muestras de origen animal para realizaci\u00f3n de secuenciamiento y gen\u00f3mica, utilizando t\u00e9cnicas como extracci\u00f3n, cuantificaci\u00f3n y verificaci\u00f3n de calidad del ADN, amplificaci\u00f3n de fragmentos de \u00e1cidos [&hellip;]<\/p>\n","protected":false},"author":1,"featured_media":0,"parent":0,"menu_order":0,"comment_status":"closed","ping_status":"closed","template":"","meta":[],"_links":{"self":[{"href":"https:\/\/www.uniamazonia.edu.co\/genomica\/index.php\/wp-json\/wp\/v2\/pages\/96"}],"collection":[{"href":"https:\/\/www.uniamazonia.edu.co\/genomica\/index.php\/wp-json\/wp\/v2\/pages"}],"about":[{"href":"https:\/\/www.uniamazonia.edu.co\/genomica\/index.php\/wp-json\/wp\/v2\/types\/page"}],"author":[{"embeddable":true,"href":"https:\/\/www.uniamazonia.edu.co\/genomica\/index.php\/wp-json\/wp\/v2\/users\/1"}],"replies":[{"embeddable":true,"href":"https:\/\/www.uniamazonia.edu.co\/genomica\/index.php\/wp-json\/wp\/v2\/comments?post=96"}],"version-history":[{"count":34,"href":"https:\/\/www.uniamazonia.edu.co\/genomica\/index.php\/wp-json\/wp\/v2\/pages\/96\/revisions"}],"predecessor-version":[{"id":796,"href":"https:\/\/www.uniamazonia.edu.co\/genomica\/index.php\/wp-json\/wp\/v2\/pages\/96\/revisions\/796"}],"wp:attachment":[{"href":"https:\/\/www.uniamazonia.edu.co\/genomica\/index.php\/wp-json\/wp\/v2\/media?parent=96"}],"curies":[{"name":"wp","href":"https:\/\/api.w.org\/{rel}","templated":true}]}}