{"id":1152,"date":"2022-06-06T10:45:44","date_gmt":"2022-06-06T15:45:44","guid":{"rendered":"https:\/\/www.uniamazonia.edu.co\/genomica\/?page_id=1152"},"modified":"2022-06-06T10:46:28","modified_gmt":"2022-06-06T15:46:28","slug":"ponencia-identificacion-de-islas-por-corridas-homocigosidad-y-estimaciones-de-endogamia-genomica-en-ganado-criollo-caqueteno","status":"publish","type":"page","link":"https:\/\/www.uniamazonia.edu.co\/genomica\/index.php\/ponencia-identificacion-de-islas-por-corridas-homocigosidad-y-estimaciones-de-endogamia-genomica-en-ganado-criollo-caqueteno\/","title":{"rendered":"Ponencia: Identificaci\u00f3n de islas por corridas homocigosidad y estimaciones de endogamia gen\u00f3mica en ganado criollo caquete\u00f1o"},"content":{"rendered":"\t\t<div data-elementor-type=\"wp-page\" data-elementor-id=\"1152\" class=\"elementor elementor-1152\">\n\t\t\t\t\t\t\t\t\t<section class=\"elementor-section elementor-top-section elementor-element elementor-element-9378e37 elementor-section-boxed elementor-section-height-default elementor-section-height-default\" data-id=\"9378e37\" data-element_type=\"section\">\n\t\t\t\t\t\t<div class=\"elementor-container elementor-column-gap-default\">\n\t\t\t\t\t<div class=\"elementor-column elementor-col-100 elementor-top-column elementor-element elementor-element-6254088\" data-id=\"6254088\" data-element_type=\"column\">\n\t\t\t<div class=\"elementor-widget-wrap elementor-element-populated\">\n\t\t\t\t\t\t\t\t<div class=\"elementor-element elementor-element-0ceb7d5 elementor-widget elementor-widget-shortcode\" data-id=\"0ceb7d5\" data-element_type=\"widget\" data-widget_type=\"shortcode.default\">\n\t\t\t\t<div class=\"elementor-widget-container\">\n\t\t\t\t\t<div class=\"elementor-shortcode\"><div class=\"_df_book df-lite\" id=\"df_1040\"  data-title=\"conferencia-10\" _slug=\"conferencia-10\" wpoptions=\"true\" thumbtype=\"bg\" ><p class=\"df-raw-loading\">Please wait while flipbook is loading. For more related info, FAQs and issues please refer to <a href=\"https:\/\/wordpress.org\/plugins\/3d-flipbook-dflip-lite\/#installation\">DearFlip WordPress Flipbook Plugin Help<\/a> documentation.<\/p><\/div><script class=\"df-shortcode-script\" type=\"application\/javascript\">window.option_df_1040 = {\"outline\":[],\"backgroundColor\":\"#fffff\",\"forceFit\":\"true\",\"autoEnableOutline\":\"false\",\"autoEnableThumbnail\":\"false\",\"overwritePDFOutline\":\"false\",\"enableDownload\":\"false\",\"direction\":\"1\",\"pageSize\":\"0\",\"pageMode\":\"1\",\"source\":\"https:\\\/\\\/www.uniamazonia.edu.co\\\/genomica\\\/wp-content\\\/uploads\\\/2022\\\/06\\\/Ana_CONGRESO.pdf\",\"wpOptions\":\"true\"}; if(window.DFLIP && window.DFLIP.parseBooks){window.DFLIP.parseBooks();}<\/script><\/div>\n\t\t\t\t<\/div>\n\t\t\t\t<\/div>\n\t\t\t\t\t<\/div>\n\t\t<\/div>\n\t\t\t\t\t\t\t<\/div>\n\t\t<\/section>\n\t\t\t\t\t\t\t<\/div>\n\t\t","protected":false},"excerpt":{"rendered":"","protected":false},"author":1,"featured_media":0,"parent":0,"menu_order":0,"comment_status":"closed","ping_status":"closed","template":"","meta":[],"_links":{"self":[{"href":"https:\/\/www.uniamazonia.edu.co\/genomica\/index.php\/wp-json\/wp\/v2\/pages\/1152"}],"collection":[{"href":"https:\/\/www.uniamazonia.edu.co\/genomica\/index.php\/wp-json\/wp\/v2\/pages"}],"about":[{"href":"https:\/\/www.uniamazonia.edu.co\/genomica\/index.php\/wp-json\/wp\/v2\/types\/page"}],"author":[{"embeddable":true,"href":"https:\/\/www.uniamazonia.edu.co\/genomica\/index.php\/wp-json\/wp\/v2\/users\/1"}],"replies":[{"embeddable":true,"href":"https:\/\/www.uniamazonia.edu.co\/genomica\/index.php\/wp-json\/wp\/v2\/comments?post=1152"}],"version-history":[{"count":4,"href":"https:\/\/www.uniamazonia.edu.co\/genomica\/index.php\/wp-json\/wp\/v2\/pages\/1152\/revisions"}],"predecessor-version":[{"id":1157,"href":"https:\/\/www.uniamazonia.edu.co\/genomica\/index.php\/wp-json\/wp\/v2\/pages\/1152\/revisions\/1157"}],"wp:attachment":[{"href":"https:\/\/www.uniamazonia.edu.co\/genomica\/index.php\/wp-json\/wp\/v2\/media?parent=1152"}],"curies":[{"name":"wp","href":"https:\/\/api.w.org\/{rel}","templated":true}]}}