{"id":1109,"date":"2022-06-06T10:19:08","date_gmt":"2022-06-06T15:19:08","guid":{"rendered":"https:\/\/www.uniamazonia.edu.co\/genomica\/?page_id=1109"},"modified":"2022-06-06T10:23:44","modified_gmt":"2022-06-06T15:23:44","slug":"ponencia-alimentacion-en-el-sistema-de-produccion-bovina-presente-en-el-departamento-del-caqueta","status":"publish","type":"page","link":"https:\/\/www.uniamazonia.edu.co\/genomica\/index.php\/ponencia-alimentacion-en-el-sistema-de-produccion-bovina-presente-en-el-departamento-del-caqueta\/","title":{"rendered":"Ponencia: Alimentaci\u00f3n en el sistema de producci\u00f3n bovina presente en el departamento del Caquet\u00e1"},"content":{"rendered":"\t\t<div data-elementor-type=\"wp-page\" data-elementor-id=\"1109\" class=\"elementor elementor-1109\">\n\t\t\t\t\t\t\t\t\t<section class=\"elementor-section elementor-top-section elementor-element elementor-element-854576a elementor-section-boxed elementor-section-height-default elementor-section-height-default\" data-id=\"854576a\" data-element_type=\"section\">\n\t\t\t\t\t\t<div class=\"elementor-container elementor-column-gap-default\">\n\t\t\t\t\t<div class=\"elementor-column elementor-col-100 elementor-top-column elementor-element elementor-element-edec832\" data-id=\"edec832\" data-element_type=\"column\">\n\t\t\t<div class=\"elementor-widget-wrap elementor-element-populated\">\n\t\t\t\t\t\t\t\t<div class=\"elementor-element elementor-element-921be15 elementor-widget elementor-widget-shortcode\" data-id=\"921be15\" data-element_type=\"widget\" data-widget_type=\"shortcode.default\">\n\t\t\t\t<div class=\"elementor-widget-container\">\n\t\t\t\t\t<div class=\"elementor-shortcode\"><div class=\"_df_book df-lite\" id=\"df_1030\"  data-title=\"conferencia-05\" _slug=\"conferencia-05\" wpoptions=\"true\" thumbtype=\"bg\" ><p class=\"df-raw-loading\">Please wait while flipbook is loading. For more related info, FAQs and issues please refer to <a href=\"https:\/\/wordpress.org\/plugins\/3d-flipbook-dflip-lite\/#installation\">DearFlip WordPress Flipbook Plugin Help<\/a> documentation.<\/p><\/div><script class=\"df-shortcode-script\" type=\"application\/javascript\">window.option_df_1030 = {\"outline\":[],\"backgroundColor\":\"#fffff\",\"forceFit\":\"true\",\"autoEnableOutline\":\"false\",\"autoEnableThumbnail\":\"false\",\"overwritePDFOutline\":\"false\",\"enableDownload\":\"false\",\"direction\":\"1\",\"pageSize\":\"0\",\"pageMode\":\"1\",\"source\":\"https:\\\/\\\/www.uniamazonia.edu.co\\\/genomica\\\/wp-content\\\/uploads\\\/2022\\\/06\\\/Cesar-Zapata-Congreso-Internacional-2022-Charla-Alimentacio\\u0301n-y-nutricio\\u0301n.pdf\",\"wpOptions\":\"true\"}; if(window.DFLIP && window.DFLIP.parseBooks){window.DFLIP.parseBooks();}<\/script><\/div>\n\t\t\t\t<\/div>\n\t\t\t\t<\/div>\n\t\t\t\t\t<\/div>\n\t\t<\/div>\n\t\t\t\t\t\t\t<\/div>\n\t\t<\/section>\n\t\t\t\t\t\t\t<\/div>\n\t\t","protected":false},"excerpt":{"rendered":"","protected":false},"author":1,"featured_media":0,"parent":0,"menu_order":0,"comment_status":"closed","ping_status":"closed","template":"","meta":[],"_links":{"self":[{"href":"https:\/\/www.uniamazonia.edu.co\/genomica\/index.php\/wp-json\/wp\/v2\/pages\/1109"}],"collection":[{"href":"https:\/\/www.uniamazonia.edu.co\/genomica\/index.php\/wp-json\/wp\/v2\/pages"}],"about":[{"href":"https:\/\/www.uniamazonia.edu.co\/genomica\/index.php\/wp-json\/wp\/v2\/types\/page"}],"author":[{"embeddable":true,"href":"https:\/\/www.uniamazonia.edu.co\/genomica\/index.php\/wp-json\/wp\/v2\/users\/1"}],"replies":[{"embeddable":true,"href":"https:\/\/www.uniamazonia.edu.co\/genomica\/index.php\/wp-json\/wp\/v2\/comments?post=1109"}],"version-history":[{"count":4,"href":"https:\/\/www.uniamazonia.edu.co\/genomica\/index.php\/wp-json\/wp\/v2\/pages\/1109\/revisions"}],"predecessor-version":[{"id":1114,"href":"https:\/\/www.uniamazonia.edu.co\/genomica\/index.php\/wp-json\/wp\/v2\/pages\/1109\/revisions\/1114"}],"wp:attachment":[{"href":"https:\/\/www.uniamazonia.edu.co\/genomica\/index.php\/wp-json\/wp\/v2\/media?parent=1109"}],"curies":[{"name":"wp","href":"https:\/\/api.w.org\/{rel}","templated":true}]}}