{"id":1090,"date":"2022-06-06T10:13:49","date_gmt":"2022-06-06T15:13:49","guid":{"rendered":"https:\/\/www.uniamazonia.edu.co\/genomica\/?page_id=1090"},"modified":"2022-06-06T10:14:36","modified_gmt":"2022-06-06T15:14:36","slug":"conferencia-desarrollo-experimental-en-genomica-animal-para-el-mejoramiento-de-las-caracteristicas-productivas-del-ganado-bovino-en-el-departamento-del-caqueta","status":"publish","type":"page","link":"https:\/\/www.uniamazonia.edu.co\/genomica\/index.php\/conferencia-desarrollo-experimental-en-genomica-animal-para-el-mejoramiento-de-las-caracteristicas-productivas-del-ganado-bovino-en-el-departamento-del-caqueta\/","title":{"rendered":"Conferencia: Desarrollo experimental en gen\u00f3mica animal, para el mejoramiento de las caracter\u00edsticas productivas del ganado bovino en el departamento del Caquet\u00e1"},"content":{"rendered":"\t\t<div data-elementor-type=\"wp-page\" data-elementor-id=\"1090\" class=\"elementor elementor-1090\">\n\t\t\t\t\t\t\t\t\t<section class=\"elementor-section elementor-top-section elementor-element elementor-element-596f8ef elementor-section-boxed elementor-section-height-default elementor-section-height-default\" data-id=\"596f8ef\" data-element_type=\"section\">\n\t\t\t\t\t\t<div class=\"elementor-container elementor-column-gap-default\">\n\t\t\t\t\t<div class=\"elementor-column elementor-col-100 elementor-top-column elementor-element elementor-element-218e6e4\" data-id=\"218e6e4\" data-element_type=\"column\">\n\t\t\t<div class=\"elementor-widget-wrap elementor-element-populated\">\n\t\t\t\t\t\t\t\t<div class=\"elementor-element elementor-element-5afef6c elementor-widget elementor-widget-shortcode\" data-id=\"5afef6c\" data-element_type=\"widget\" data-widget_type=\"shortcode.default\">\n\t\t\t\t<div class=\"elementor-widget-container\">\n\t\t\t\t\t<div class=\"elementor-shortcode\"><div class=\"_df_book df-lite\" id=\"df_1018\"  data-title=\"conferencia-03\" _slug=\"conferencia-03\" wpoptions=\"true\" thumbtype=\"bg\" ><p class=\"df-raw-loading\">Please wait while flipbook is loading. For more related info, FAQs and issues please refer to <a href=\"https:\/\/wordpress.org\/plugins\/3d-flipbook-dflip-lite\/#installation\">DearFlip WordPress Flipbook Plugin Help<\/a> documentation.<\/p><\/div><script class=\"df-shortcode-script\" type=\"application\/javascript\">window.option_df_1018 = {\"outline\":[],\"backgroundColor\":\"#fffff\",\"forceFit\":\"true\",\"autoEnableOutline\":\"false\",\"autoEnableThumbnail\":\"false\",\"overwritePDFOutline\":\"false\",\"enableDownload\":\"false\",\"direction\":\"1\",\"pageSize\":\"0\",\"pageMode\":\"1\",\"source\":\"https:\\\/\\\/www.uniamazonia.edu.co\\\/genomica\\\/wp-content\\\/uploads\\\/2022\\\/06\\\/Proyecto-BPIN-2018000100120-I-congreso-Internacional.pdf\",\"wpOptions\":\"true\"}; if(window.DFLIP && window.DFLIP.parseBooks){window.DFLIP.parseBooks();}<\/script><\/div>\n\t\t\t\t<\/div>\n\t\t\t\t<\/div>\n\t\t\t\t\t<\/div>\n\t\t<\/div>\n\t\t\t\t\t\t\t<\/div>\n\t\t<\/section>\n\t\t\t\t\t\t\t<\/div>\n\t\t","protected":false},"excerpt":{"rendered":"","protected":false},"author":1,"featured_media":0,"parent":0,"menu_order":0,"comment_status":"closed","ping_status":"closed","template":"","meta":[],"_links":{"self":[{"href":"https:\/\/www.uniamazonia.edu.co\/genomica\/index.php\/wp-json\/wp\/v2\/pages\/1090"}],"collection":[{"href":"https:\/\/www.uniamazonia.edu.co\/genomica\/index.php\/wp-json\/wp\/v2\/pages"}],"about":[{"href":"https:\/\/www.uniamazonia.edu.co\/genomica\/index.php\/wp-json\/wp\/v2\/types\/page"}],"author":[{"embeddable":true,"href":"https:\/\/www.uniamazonia.edu.co\/genomica\/index.php\/wp-json\/wp\/v2\/users\/1"}],"replies":[{"embeddable":true,"href":"https:\/\/www.uniamazonia.edu.co\/genomica\/index.php\/wp-json\/wp\/v2\/comments?post=1090"}],"version-history":[{"count":4,"href":"https:\/\/www.uniamazonia.edu.co\/genomica\/index.php\/wp-json\/wp\/v2\/pages\/1090\/revisions"}],"predecessor-version":[{"id":1095,"href":"https:\/\/www.uniamazonia.edu.co\/genomica\/index.php\/wp-json\/wp\/v2\/pages\/1090\/revisions\/1095"}],"wp:attachment":[{"href":"https:\/\/www.uniamazonia.edu.co\/genomica\/index.php\/wp-json\/wp\/v2\/media?parent=1090"}],"curies":[{"name":"wp","href":"https:\/\/api.w.org\/{rel}","templated":true}]}}