{"id":352,"date":"2022-11-15T16:32:28","date_gmt":"2022-11-15T21:32:28","guid":{"rendered":"https:\/\/repositorioverdad.online\/?page_id=352"},"modified":"2023-02-28T08:58:09","modified_gmt":"2023-02-28T13:58:09","slug":"comunidades","status":"publish","type":"page","link":"https:\/\/www.uniamazonia.edu.co\/comisionverdad\/comunidades\/","title":{"rendered":"Comunidades"},"content":{"rendered":"\t\t<div data-elementor-type=\"wp-page\" data-elementor-id=\"352\" class=\"elementor elementor-352\">\n\t\t\t\t\t\t\t\t\t<section class=\"elementor-section elementor-top-section elementor-element elementor-element-386ce05 elementor-section-boxed elementor-section-height-default elementor-section-height-default\" data-id=\"386ce05\" data-element_type=\"section\">\n\t\t\t\t\t\t\t<div class=\"elementor-background-overlay\"><\/div>\n\t\t\t\t\t\t\t<div class=\"elementor-container elementor-column-gap-default\">\n\t\t\t\t\t<div class=\"elementor-column elementor-col-100 elementor-top-column elementor-element elementor-element-a60a883\" data-id=\"a60a883\" data-element_type=\"column\">\n\t\t\t<div class=\"elementor-widget-wrap elementor-element-populated\">\n\t\t\t\t\t\t\t\t<div class=\"elementor-element elementor-element-a5457fa elementor-widget elementor-widget-spacer\" data-id=\"a5457fa\" data-element_type=\"widget\" data-widget_type=\"spacer.default\">\n\t\t\t\t<div class=\"elementor-widget-container\">\n\t\t\t<style>\/*! elementor - v3.8.1 - 13-11-2022 *\/\n.elementor-column .elementor-spacer-inner{height:var(--spacer-size)}.e-con{--container-widget-width:100%}.e-con-inner>.elementor-widget-spacer,.e-con>.elementor-widget-spacer{width:var(--container-widget-width,var(--spacer-size));-ms-flex-item-align:stretch;align-self:stretch;-ms-flex-negative:0;flex-shrink:0}.e-con-inner>.elementor-widget-spacer>.elementor-widget-container,.e-con-inner>.elementor-widget-spacer>.elementor-widget-container>.elementor-spacer,.e-con>.elementor-widget-spacer>.elementor-widget-container,.e-con>.elementor-widget-spacer>.elementor-widget-container>.elementor-spacer{height:100%}.e-con-inner>.elementor-widget-spacer>.elementor-widget-container>.elementor-spacer>.elementor-spacer-inner,.e-con>.elementor-widget-spacer>.elementor-widget-container>.elementor-spacer>.elementor-spacer-inner{height:var(--container-widget-height,var(--spacer-size))}<\/style>\t\t<div class=\"elementor-spacer\">\n\t\t\t<div class=\"elementor-spacer-inner\"><\/div>\n\t\t<\/div>\n\t\t\t\t<\/div>\n\t\t\t\t<\/div>\n\t\t\t\t\t<\/div>\n\t\t<\/div>\n\t\t\t\t\t\t\t<\/div>\n\t\t<\/section>\n\t\t\t\t<section class=\"elementor-section elementor-top-section elementor-element elementor-element-11429a9 elementor-section-full_width elementor-section-height-default elementor-section-height-default\" data-id=\"11429a9\" data-element_type=\"section\" data-settings=\"{&quot;background_background&quot;:&quot;classic&quot;}\">\n\t\t\t\t\t\t<div class=\"elementor-container elementor-column-gap-narrow\">\n\t\t\t\t\t<div class=\"elementor-column elementor-col-50 elementor-top-column elementor-element elementor-element-dcdd95b\" data-id=\"dcdd95b\" data-element_type=\"column\">\n\t\t\t<div class=\"elementor-widget-wrap elementor-element-populated\">\n\t\t\t\t\t\t\t\t<section class=\"elementor-section elementor-inner-section elementor-element elementor-element-342dd7f elementor-section-full_width elementor-section-content-middle elementor-section-height-default elementor-section-height-default\" data-id=\"342dd7f\" data-element_type=\"section\" data-settings=\"{&quot;background_background&quot;:&quot;slideshow&quot;,&quot;background_slideshow_gallery&quot;:[],&quot;background_slideshow_loop&quot;:&quot;yes&quot;,&quot;background_slideshow_slide_duration&quot;:5000,&quot;background_slideshow_slide_transition&quot;:&quot;fade&quot;,&quot;background_slideshow_transition_duration&quot;:500}\">\n\t\t\t\t\t\t\t<div class=\"elementor-background-overlay\"><\/div>\n\t\t\t\t\t\t\t<div class=\"elementor-container elementor-column-gap-no\">\n\t\t\t\t\t<div class=\"elementor-column elementor-col-100 elementor-inner-column elementor-element elementor-element-3d1219a\" data-id=\"3d1219a\" data-element_type=\"column\">\n\t\t\t<div class=\"elementor-widget-wrap elementor-element-populated\">\n\t\t\t\t\t\t\t\t<div class=\"elementor-element elementor-element-29bc2a4 elementor-widget elementor-widget-spacer\" data-id=\"29bc2a4\" data-element_type=\"widget\" data-widget_type=\"spacer.default\">\n\t\t\t\t<div class=\"elementor-widget-container\">\n\t\t\t\t\t<div class=\"elementor-spacer\">\n\t\t\t<div class=\"elementor-spacer-inner\"><\/div>\n\t\t<\/div>\n\t\t\t\t<\/div>\n\t\t\t\t<\/div>\n\t\t\t\t<div class=\"elementor-element elementor-element-14229e0 elementor-widget elementor-widget-heading\" data-id=\"14229e0\" data-element_type=\"widget\" data-widget_type=\"heading.default\">\n\t\t\t\t<div class=\"elementor-widget-container\">\n\t\t\t<style>\/*! elementor - v3.8.1 - 13-11-2022 *\/\n.elementor-heading-title{padding:0;margin:0;line-height:1}.elementor-widget-heading .elementor-heading-title[class*=elementor-size-]>a{color:inherit;font-size:inherit;line-height:inherit}.elementor-widget-heading .elementor-heading-title.elementor-size-small{font-size:15px}.elementor-widget-heading .elementor-heading-title.elementor-size-medium{font-size:19px}.elementor-widget-heading .elementor-heading-title.elementor-size-large{font-size:29px}.elementor-widget-heading .elementor-heading-title.elementor-size-xl{font-size:39px}.elementor-widget-heading .elementor-heading-title.elementor-size-xxl{font-size:59px}<\/style><h2 class=\"elementor-heading-title elementor-size-xxl\">Enfoque de g\u00e9nero<\/h2>\t\t<\/div>\n\t\t\t\t<\/div>\n\t\t\t\t<div class=\"elementor-element elementor-element-4f141ce elementor-align-center elementor-widget elementor-widget-button\" data-id=\"4f141ce\" data-element_type=\"widget\" data-widget_type=\"button.default\">\n\t\t\t\t<div class=\"elementor-widget-container\">\n\t\t\t\t\t<div class=\"elementor-button-wrapper\">\n\t\t\t<a href=\"https:\/\/www.uniamazonia.edu.co\/comisionverdad\/comunidades_genero\/\" class=\"elementor-button-link elementor-button elementor-size-lg\" role=\"button\">\n\t\t\t\t\t\t<span class=\"elementor-button-content-wrapper\">\n\t\t\t\t\t\t<span class=\"elementor-button-text\">Ver<\/span>\n\t\t<\/span>\n\t\t\t\t\t<\/a>\n\t\t<\/div>\n\t\t\t\t<\/div>\n\t\t\t\t<\/div>\n\t\t\t\t<div class=\"elementor-element elementor-element-6bdbbb7 elementor-widget elementor-widget-spacer\" data-id=\"6bdbbb7\" data-element_type=\"widget\" data-widget_type=\"spacer.default\">\n\t\t\t\t<div class=\"elementor-widget-container\">\n\t\t\t\t\t<div class=\"elementor-spacer\">\n\t\t\t<div class=\"elementor-spacer-inner\"><\/div>\n\t\t<\/div>\n\t\t\t\t<\/div>\n\t\t\t\t<\/div>\n\t\t\t\t\t<\/div>\n\t\t<\/div>\n\t\t\t\t\t\t\t<\/div>\n\t\t<\/section>\n\t\t\t\t\t<\/div>\n\t\t<\/div>\n\t\t\t\t<div class=\"elementor-column elementor-col-50 elementor-top-column elementor-element elementor-element-5c05660\" data-id=\"5c05660\" data-element_type=\"column\">\n\t\t\t<div class=\"elementor-widget-wrap elementor-element-populated\">\n\t\t\t\t\t\t\t\t<section class=\"elementor-section elementor-inner-section elementor-element elementor-element-d6063d8 elementor-section-full_width elementor-section-content-middle elementor-section-height-default elementor-section-height-default\" data-id=\"d6063d8\" data-element_type=\"section\" data-settings=\"{&quot;background_background&quot;:&quot;slideshow&quot;,&quot;background_slideshow_gallery&quot;:[],&quot;background_slideshow_loop&quot;:&quot;yes&quot;,&quot;background_slideshow_slide_duration&quot;:5000,&quot;background_slideshow_slide_transition&quot;:&quot;fade&quot;,&quot;background_slideshow_transition_duration&quot;:500}\">\n\t\t\t\t\t\t\t<div class=\"elementor-background-overlay\"><\/div>\n\t\t\t\t\t\t\t<div class=\"elementor-container elementor-column-gap-no\">\n\t\t\t\t\t<div class=\"elementor-column elementor-col-100 elementor-inner-column elementor-element elementor-element-cc77f28\" data-id=\"cc77f28\" data-element_type=\"column\">\n\t\t\t<div class=\"elementor-widget-wrap elementor-element-populated\">\n\t\t\t\t\t\t\t\t<div class=\"elementor-element elementor-element-9656d5f elementor-widget elementor-widget-spacer\" data-id=\"9656d5f\" data-element_type=\"widget\" data-widget_type=\"spacer.default\">\n\t\t\t\t<div class=\"elementor-widget-container\">\n\t\t\t\t\t<div class=\"elementor-spacer\">\n\t\t\t<div class=\"elementor-spacer-inner\"><\/div>\n\t\t<\/div>\n\t\t\t\t<\/div>\n\t\t\t\t<\/div>\n\t\t\t\t<div class=\"elementor-element elementor-element-53c1d8d elementor-widget elementor-widget-heading\" data-id=\"53c1d8d\" data-element_type=\"widget\" data-widget_type=\"heading.default\">\n\t\t\t\t<div class=\"elementor-widget-container\">\n\t\t\t<h3 class=\"elementor-heading-title elementor-size-xxl\">Enfoque \u00e9tnico <\/h3>\t\t<\/div>\n\t\t\t\t<\/div>\n\t\t\t\t<div class=\"elementor-element elementor-element-8be1a85 elementor-align-center elementor-widget elementor-widget-button\" data-id=\"8be1a85\" data-element_type=\"widget\" data-widget_type=\"button.default\">\n\t\t\t\t<div class=\"elementor-widget-container\">\n\t\t\t\t\t<div class=\"elementor-button-wrapper\">\n\t\t\t<a href=\"https:\/\/www.uniamazonia.edu.co\/comisionverdad\/comunidades_etnico\/\" class=\"elementor-button-link elementor-button elementor-size-lg\" role=\"button\">\n\t\t\t\t\t\t<span class=\"elementor-button-content-wrapper\">\n\t\t\t\t\t\t<span class=\"elementor-button-text\">Ver<\/span>\n\t\t<\/span>\n\t\t\t\t\t<\/a>\n\t\t<\/div>\n\t\t\t\t<\/div>\n\t\t\t\t<\/div>\n\t\t\t\t<div class=\"elementor-element elementor-element-f2701dd elementor-widget elementor-widget-spacer\" data-id=\"f2701dd\" data-element_type=\"widget\" data-widget_type=\"spacer.default\">\n\t\t\t\t<div class=\"elementor-widget-container\">\n\t\t\t\t\t<div class=\"elementor-spacer\">\n\t\t\t<div class=\"elementor-spacer-inner\"><\/div>\n\t\t<\/div>\n\t\t\t\t<\/div>\n\t\t\t\t<\/div>\n\t\t\t\t\t<\/div>\n\t\t<\/div>\n\t\t\t\t\t\t\t<\/div>\n\t\t<\/section>\n\t\t\t\t\t<\/div>\n\t\t<\/div>\n\t\t\t\t\t\t\t<\/div>\n\t\t<\/section>\n\t\t\t\t<section class=\"elementor-section elementor-top-section elementor-element elementor-element-e328841 elementor-section-boxed elementor-section-height-default elementor-section-height-default\" data-id=\"e328841\" data-element_type=\"section\" data-settings=\"{&quot;background_background&quot;:&quot;slideshow&quot;,&quot;background_slideshow_gallery&quot;:[],&quot;background_slideshow_loop&quot;:&quot;yes&quot;,&quot;background_slideshow_slide_duration&quot;:5000,&quot;background_slideshow_slide_transition&quot;:&quot;fade&quot;,&quot;background_slideshow_transition_duration&quot;:500}\">\n\t\t\t\t\t\t\t<div class=\"elementor-background-overlay\"><\/div>\n\t\t\t\t\t\t\t<div class=\"elementor-container elementor-column-gap-default\">\n\t\t\t\t\t<div class=\"elementor-column elementor-col-100 elementor-top-column elementor-element elementor-element-9077581\" data-id=\"9077581\" data-element_type=\"column\">\n\t\t\t<div class=\"elementor-widget-wrap elementor-element-populated\">\n\t\t\t\t\t\t\t\t<section class=\"elementor-section elementor-inner-section elementor-element elementor-element-870e570 elementor-section-boxed elementor-section-height-default elementor-section-height-default\" data-id=\"870e570\" data-element_type=\"section\">\n\t\t\t\t\t\t<div class=\"elementor-container elementor-column-gap-default\">\n\t\t\t\t\t<div class=\"elementor-column elementor-col-100 elementor-inner-column elementor-element elementor-element-25764c7\" data-id=\"25764c7\" data-element_type=\"column\">\n\t\t\t<div class=\"elementor-widget-wrap elementor-element-populated\">\n\t\t\t\t\t\t\t\t<div class=\"elementor-element elementor-element-27895c9 elementor-widget elementor-widget-image\" data-id=\"27895c9\" data-element_type=\"widget\" data-widget_type=\"image.default\">\n\t\t\t\t<div class=\"elementor-widget-container\">\n\t\t\t<style>\/*! elementor - v3.8.1 - 13-11-2022 *\/\n.elementor-widget-image{text-align:center}.elementor-widget-image a{display:inline-block}.elementor-widget-image a img[src$=\".svg\"]{width:48px}.elementor-widget-image img{vertical-align:middle;display:inline-block}<\/style>\t\t\t\t\t\t\t\t\t\t\t\t<img decoding=\"async\" width=\"800\" height=\"558\" src=\"https:\/\/www.uniamazonia.edu.co\/comisionverdad\/wp-content\/uploads\/2022\/11\/Map_cap_5-1024x714.png\" class=\"attachment-large size-large\" alt=\"\" loading=\"lazy\" srcset=\"https:\/\/www.uniamazonia.edu.co\/comisionverdad\/wp-content\/uploads\/2022\/11\/Map_cap_5-1024x714.png 1024w, https:\/\/www.uniamazonia.edu.co\/comisionverdad\/wp-content\/uploads\/2022\/11\/Map_cap_5-300x209.png 300w, https:\/\/www.uniamazonia.edu.co\/comisionverdad\/wp-content\/uploads\/2022\/11\/Map_cap_5-768x536.png 768w, https:\/\/www.uniamazonia.edu.co\/comisionverdad\/wp-content\/uploads\/2022\/11\/Map_cap_5.png 1147w\" sizes=\"(max-width: 800px) 100vw, 800px\" \/>\t\t\t\t\t\t\t\t\t\t\t\t\t\t\t<\/div>\n\t\t\t\t<\/div>\n\t\t\t\t\t<\/div>\n\t\t<\/div>\n\t\t\t\t\t\t\t<\/div>\n\t\t<\/section>\n\t\t\t\t<section class=\"elementor-section elementor-inner-section elementor-element elementor-element-c41d30d elementor-section-boxed elementor-section-height-default elementor-section-height-default\" data-id=\"c41d30d\" data-element_type=\"section\">\n\t\t\t\t\t\t<div class=\"elementor-container elementor-column-gap-default\">\n\t\t\t\t\t<div class=\"elementor-column elementor-col-33 elementor-inner-column elementor-element elementor-element-9a23e5f\" data-id=\"9a23e5f\" data-element_type=\"column\">\n\t\t\t<div class=\"elementor-widget-wrap elementor-element-populated\">\n\t\t\t\t\t\t\t\t<div class=\"elementor-element elementor-element-09317b0 elementor-widget elementor-widget-heading\" data-id=\"09317b0\" data-element_type=\"widget\" data-widget_type=\"heading.default\">\n\t\t\t\t<div class=\"elementor-widget-container\">\n\t\t\t<h2 class=\"elementor-heading-title elementor-size-default\">Curillo<\/h2>\t\t<\/div>\n\t\t\t\t<\/div>\n\t\t\t\t<div class=\"elementor-element elementor-element-b140663 elementor-align-center elementor-widget elementor-widget-button\" data-id=\"b140663\" data-element_type=\"widget\" data-widget_type=\"button.default\">\n\t\t\t\t<div class=\"elementor-widget-container\">\n\t\t\t\t\t<div class=\"elementor-button-wrapper\">\n\t\t\t<a href=\"https:\/\/www.uniamazonia.edu.co\/comisionverdad\/comunidades_documental\/\" class=\"elementor-button-link elementor-button elementor-size-sm\" role=\"button\">\n\t\t\t\t\t\t<span class=\"elementor-button-content-wrapper\">\n\t\t\t\t\t\t\t<span class=\"elementor-button-icon elementor-align-icon-left\">\n\t\t\t\t<svg xmlns=\"http:\/\/www.w3.org\/2000\/svg\" id=\"Capa_2\" data-name=\"Capa 2\" viewBox=\"0 0 50 50\"><defs><style>      .cls-1 {        fill: #fff;      }    <\/style><\/defs><g id=\"Capa_1-2\" data-name=\"Capa 1\"><g><path d=\"M50,25c0,13.81-11.19,25-25,25S0,38.81,0,25,11.19,0,25,0s25,11.19,25,25\"><\/path><path class=\"cls-1\" d=\"M22.14,20.28h2.46c-.45-.56-.84-1.05-1.25-1.56-.42,.54-.79,1.02-1.22,1.56m17.05,12.12h4.76v-4.75h-4.76v4.75Zm-8.55-12.07c3.36,0,6.07-2.72,6.07-6.07,0-3.32-2.71-6.03-6.02-6.05-3.35-.02-6.1,2.7-6.11,6.04-.01,3.35,2.7,6.08,6.06,6.08m-14.52,0c3.35,0,6.05-2.75,6.03-6.11-.02-3.31-2.73-6.01-6.05-6.02-3.35,0-6.08,2.72-6.07,6.07,0,3.35,2.74,6.06,6.09,6.05m7.23,16.98c3.92,0,7.83,0,11.75,0,1.2,0,1.61-.39,1.61-1.57,0-3.82,0-7.63,0-11.45,0-1.12-.42-1.54-1.57-1.54-7.86,0-15.72,0-23.57,0-1.12,0-1.53,.42-1.54,1.57,0,3.79,0,7.58,0,11.37,0,1.23,.39,1.61,1.65,1.61,3.89,0,7.78,0,11.67,0m13.2-16.88c2.05,1.05,2.21,1.34,2.66,4.71h4.77c0-.34,0-.68,0-1.02,.02-.83,.5-1.36,1.21-1.36,.71,0,1.21,.53,1.21,1.35,0,3.56,0,7.13,0,10.69,0,.4,.01,.81,0,1.21-.03,.78-.51,1.29-1.19,1.29-.69,0-1.19-.5-1.23-1.26-.02-.35,0-.7,0-1.11h-4.85c0,.41,0,.81,0,1.2-.05,2-1.58,3.58-3.57,3.59-8.14,.02-16.27,.02-24.41,0-1.95,0-3.53-1.58-3.54-3.53-.03-4.12-.03-8.24,0-12.35,.01-1.37,.72-2.39,1.9-3.07,.21-.12,.44-.22,.67-.34-4.2-4.43-2.79-10.25,.73-12.92,3.58-2.72,9.24-2.44,12.45,2.32,1.81-2.65,4.28-4.1,7.51-4.05,2.16,.03,4.03,.84,5.61,2.32,3.01,2.82,3.99,8.16,.06,12.32\"><\/path><path class=\"cls-1\" d=\"M17.3,14.26c0,.66-.52,1.2-1.17,1.22-.68,.02-1.26-.54-1.25-1.22,0-.65,.55-1.18,1.21-1.18,.66,0,1.2,.53,1.21,1.19\"><\/path><path class=\"cls-1\" d=\"M31.85,14.27c0,.66-.55,1.21-1.2,1.21-.65,0-1.21-.55-1.21-1.2,0-.66,.54-1.2,1.21-1.21,.66,0,1.21,.54,1.21,1.2\"><\/path><\/g><\/g><\/svg>\t\t\t<\/span>\n\t\t\t\t\t\t<span class=\"elementor-button-text\">Documental<\/span>\n\t\t<\/span>\n\t\t\t\t\t<\/a>\n\t\t<\/div>\n\t\t\t\t<\/div>\n\t\t\t\t<\/div>\n\t\t\t\t\t<\/div>\n\t\t<\/div>\n\t\t\t\t<div class=\"elementor-column elementor-col-33 elementor-inner-column elementor-element elementor-element-aa1bc75\" data-id=\"aa1bc75\" data-element_type=\"column\">\n\t\t\t<div class=\"elementor-widget-wrap elementor-element-populated\">\n\t\t\t\t\t\t\t\t<div class=\"elementor-element elementor-element-7032486 elementor-widget elementor-widget-heading\" data-id=\"7032486\" data-element_type=\"widget\" data-widget_type=\"heading.default\">\n\t\t\t\t<div class=\"elementor-widget-container\">\n\t\t\t<h2 class=\"elementor-heading-title elementor-size-default\">Mil\u00e1n<\/h2>\t\t<\/div>\n\t\t\t\t<\/div>\n\t\t\t\t<div class=\"elementor-element elementor-element-62cf5f4 elementor-align-center elementor-widget elementor-widget-button\" data-id=\"62cf5f4\" data-element_type=\"widget\" data-widget_type=\"button.default\">\n\t\t\t\t<div class=\"elementor-widget-container\">\n\t\t\t\t\t<div class=\"elementor-button-wrapper\">\n\t\t\t<a href=\"https:\/\/www.uniamazonia.edu.co\/comisionverdad\/comunidades_documental\/\" class=\"elementor-button-link elementor-button elementor-size-sm\" role=\"button\">\n\t\t\t\t\t\t<span class=\"elementor-button-content-wrapper\">\n\t\t\t\t\t\t\t<span class=\"elementor-button-icon elementor-align-icon-left\">\n\t\t\t\t<svg xmlns=\"http:\/\/www.w3.org\/2000\/svg\" id=\"Capa_2\" data-name=\"Capa 2\" viewBox=\"0 0 50 50\"><defs><style>      .cls-1 {        fill: #fff;      }    <\/style><\/defs><g id=\"Capa_1-2\" data-name=\"Capa 1\"><g><path d=\"M50,25c0,13.81-11.19,25-25,25S0,38.81,0,25,11.19,0,25,0s25,11.19,25,25\"><\/path><path class=\"cls-1\" d=\"M22.14,20.28h2.46c-.45-.56-.84-1.05-1.25-1.56-.42,.54-.79,1.02-1.22,1.56m17.05,12.12h4.76v-4.75h-4.76v4.75Zm-8.55-12.07c3.36,0,6.07-2.72,6.07-6.07,0-3.32-2.71-6.03-6.02-6.05-3.35-.02-6.1,2.7-6.11,6.04-.01,3.35,2.7,6.08,6.06,6.08m-14.52,0c3.35,0,6.05-2.75,6.03-6.11-.02-3.31-2.73-6.01-6.05-6.02-3.35,0-6.08,2.72-6.07,6.07,0,3.35,2.74,6.06,6.09,6.05m7.23,16.98c3.92,0,7.83,0,11.75,0,1.2,0,1.61-.39,1.61-1.57,0-3.82,0-7.63,0-11.45,0-1.12-.42-1.54-1.57-1.54-7.86,0-15.72,0-23.57,0-1.12,0-1.53,.42-1.54,1.57,0,3.79,0,7.58,0,11.37,0,1.23,.39,1.61,1.65,1.61,3.89,0,7.78,0,11.67,0m13.2-16.88c2.05,1.05,2.21,1.34,2.66,4.71h4.77c0-.34,0-.68,0-1.02,.02-.83,.5-1.36,1.21-1.36,.71,0,1.21,.53,1.21,1.35,0,3.56,0,7.13,0,10.69,0,.4,.01,.81,0,1.21-.03,.78-.51,1.29-1.19,1.29-.69,0-1.19-.5-1.23-1.26-.02-.35,0-.7,0-1.11h-4.85c0,.41,0,.81,0,1.2-.05,2-1.58,3.58-3.57,3.59-8.14,.02-16.27,.02-24.41,0-1.95,0-3.53-1.58-3.54-3.53-.03-4.12-.03-8.24,0-12.35,.01-1.37,.72-2.39,1.9-3.07,.21-.12,.44-.22,.67-.34-4.2-4.43-2.79-10.25,.73-12.92,3.58-2.72,9.24-2.44,12.45,2.32,1.81-2.65,4.28-4.1,7.51-4.05,2.16,.03,4.03,.84,5.61,2.32,3.01,2.82,3.99,8.16,.06,12.32\"><\/path><path class=\"cls-1\" d=\"M17.3,14.26c0,.66-.52,1.2-1.17,1.22-.68,.02-1.26-.54-1.25-1.22,0-.65,.55-1.18,1.21-1.18,.66,0,1.2,.53,1.21,1.19\"><\/path><path class=\"cls-1\" d=\"M31.85,14.27c0,.66-.55,1.21-1.2,1.21-.65,0-1.21-.55-1.21-1.2,0-.66,.54-1.2,1.21-1.21,.66,0,1.21,.54,1.21,1.2\"><\/path><\/g><\/g><\/svg>\t\t\t<\/span>\n\t\t\t\t\t\t<span class=\"elementor-button-text\">Documental<\/span>\n\t\t<\/span>\n\t\t\t\t\t<\/a>\n\t\t<\/div>\n\t\t\t\t<\/div>\n\t\t\t\t<\/div>\n\t\t\t\t\t<\/div>\n\t\t<\/div>\n\t\t\t\t<div class=\"elementor-column elementor-col-33 elementor-inner-column elementor-element elementor-element-2d8732f\" data-id=\"2d8732f\" data-element_type=\"column\">\n\t\t\t<div class=\"elementor-widget-wrap elementor-element-populated\">\n\t\t\t\t\t\t\t\t<div class=\"elementor-element elementor-element-9080b93 elementor-widget elementor-widget-heading\" data-id=\"9080b93\" data-element_type=\"widget\" data-widget_type=\"heading.default\">\n\t\t\t\t<div class=\"elementor-widget-container\">\n\t\t\t<h2 class=\"elementor-heading-title elementor-size-default\">San Vicente del Caqu\u00e1n<\/h2>\t\t<\/div>\n\t\t\t\t<\/div>\n\t\t\t\t<div class=\"elementor-element elementor-element-9111d87 elementor-align-center elementor-widget elementor-widget-button\" data-id=\"9111d87\" data-element_type=\"widget\" data-widget_type=\"button.default\">\n\t\t\t\t<div class=\"elementor-widget-container\">\n\t\t\t\t\t<div class=\"elementor-button-wrapper\">\n\t\t\t<a href=\"https:\/\/www.uniamazonia.edu.co\/comisionverdad\/comunidades_documental\/\" class=\"elementor-button-link elementor-button elementor-size-sm\" role=\"button\">\n\t\t\t\t\t\t<span class=\"elementor-button-content-wrapper\">\n\t\t\t\t\t\t\t<span class=\"elementor-button-icon elementor-align-icon-left\">\n\t\t\t\t<svg xmlns=\"http:\/\/www.w3.org\/2000\/svg\" id=\"Capa_2\" data-name=\"Capa 2\" viewBox=\"0 0 50 50\"><defs><style>      .cls-1 {        fill: #fff;      }    <\/style><\/defs><g id=\"Capa_1-2\" data-name=\"Capa 1\"><g><path d=\"M50,25c0,13.81-11.19,25-25,25S0,38.81,0,25,11.19,0,25,0s25,11.19,25,25\"><\/path><path class=\"cls-1\" d=\"M40.11,17.01c0-.5,.03-.97,0-1.44-.09-1.01-.88-1.88-1.88-2.07-.19-.04-.51,0-.59,.12-.7,1.1-1.36,2.22-2.06,3.39h4.53Zm-29.09,.04c1.03,0,1.78,.01,2.53,0,.17,0,.42-.08,.5-.2,.69-1.09,1.34-2.2,2.06-3.39-1,0-1.85-.03-2.69,0-.8,.04-1.52,.4-1.83,1.13-.3,.73-.37,1.55-.57,2.46m14.3-3.61c-2.12,0-4.1,0-6.08,0-.13,0-.32,.06-.38,.15-.69,1.11-1.36,2.23-2.09,3.45,2.11,0,4.04,0,5.97-.01,.2,0,.49-.14,.59-.31,.66-1.03,1.27-2.09,1.99-3.29m.65,3.61c2.24,0,4.32,0,6.4-.01,.17,0,.41-.1,.49-.23,.67-1.08,1.32-2.17,2.03-3.36-2.26,0-4.38,0-6.51,.01-.14,0-.32,.13-.4,.26-.66,1.06-1.29,2.14-2.02,3.34m-14.79,2.45v.59c0,4.09,0,8.18,0,12.27,0,1.69,.96,2.65,2.67,2.65,7.86,0,15.72,0,23.58,0,1.76,0,2.68-.93,2.68-2.7,0-4.04,0-8.08,0-12.12,0-.22-.02-.44-.03-.68H11.19Zm14.5,17.92c-3.92,0-7.84,0-11.76,0-3.16,0-5.16-2.01-5.16-5.19,0-5.35,0-10.69,0-16.04,0-3.15,2.03-5.17,5.19-5.17,7.81,0,15.62,0,23.44,0,3.12,0,5.14,2.01,5.14,5.12,0,5.4,0,10.79,0,16.19,0,3.07-2.01,5.07-5.1,5.08-3.92,0-7.84,0-11.76,0\"><\/path><path class=\"cls-1\" d=\"M23.56,30.42c1.7-1.1,3.24-2.1,4.93-3.2-1.69-1.1-3.25-2.1-4.93-3.2v6.4Zm-2.48-3.17c0-.93-.02-1.86,0-2.78,.04-2.25,2.18-3.45,4.09-2.26,1.45,.9,2.88,1.83,4.29,2.78,1.73,1.16,1.71,3.34-.02,4.5-1.4,.94-2.82,1.83-4.23,2.75-.89,.58-1.83,.68-2.78,.15-.94-.52-1.37-1.35-1.36-2.42,0-.9,0-1.81,0-2.71\"><\/path><\/g><\/g><\/svg>\t\t\t<\/span>\n\t\t\t\t\t\t<span class=\"elementor-button-text\">Documental<\/span>\n\t\t<\/span>\n\t\t\t\t\t<\/a>\n\t\t<\/div>\n\t\t\t\t<\/div>\n\t\t\t\t<\/div>\n\t\t\t\t\t<\/div>\n\t\t<\/div>\n\t\t\t\t\t\t\t<\/div>\n\t\t<\/section>\n\t\t\t\t\t<\/div>\n\t\t<\/div>\n\t\t\t\t\t\t\t<\/div>\n\t\t<\/section>\n\t\t\t\t\t\t\t<\/div>\n\t\t","protected":false},"excerpt":{"rendered":"<p>Enfoque de g\u00e9nero Ver Enfoque \u00e9tnico Ver Curillo Documental Mil\u00e1n Documental San Vicente del Caqu\u00e1n Documental<\/p>\n","protected":false},"author":1,"featured_media":0,"parent":0,"menu_order":0,"comment_status":"closed","ping_status":"closed","template":"","meta":[],"_links":{"self":[{"href":"https:\/\/www.uniamazonia.edu.co\/comisionverdad\/wp-json\/wp\/v2\/pages\/352"}],"collection":[{"href":"https:\/\/www.uniamazonia.edu.co\/comisionverdad\/wp-json\/wp\/v2\/pages"}],"about":[{"href":"https:\/\/www.uniamazonia.edu.co\/comisionverdad\/wp-json\/wp\/v2\/types\/page"}],"author":[{"embeddable":true,"href":"https:\/\/www.uniamazonia.edu.co\/comisionverdad\/wp-json\/wp\/v2\/users\/1"}],"replies":[{"embeddable":true,"href":"https:\/\/www.uniamazonia.edu.co\/comisionverdad\/wp-json\/wp\/v2\/comments?post=352"}],"version-history":[{"count":91,"href":"https:\/\/www.uniamazonia.edu.co\/comisionverdad\/wp-json\/wp\/v2\/pages\/352\/revisions"}],"predecessor-version":[{"id":3201,"href":"https:\/\/www.uniamazonia.edu.co\/comisionverdad\/wp-json\/wp\/v2\/pages\/352\/revisions\/3201"}],"wp:attachment":[{"href":"https:\/\/www.uniamazonia.edu.co\/comisionverdad\/wp-json\/wp\/v2\/media?parent=352"}],"curies":[{"name":"wp","href":"https:\/\/api.w.org\/{rel}","templated":true}]}}