{"id":299,"date":"2022-11-15T15:43:07","date_gmt":"2022-11-15T20:43:07","guid":{"rendered":"https:\/\/repositorioverdad.online\/?page_id=299"},"modified":"2023-02-22T09:14:49","modified_gmt":"2023-02-22T14:14:49","slug":"sin_democracia_video_streaming","status":"publish","type":"page","link":"https:\/\/www.uniamazonia.edu.co\/comisionverdad\/sin_democracia_video_streaming\/","title":{"rendered":"Sin_democracia_Video_streaming"},"content":{"rendered":"\t\t<div data-elementor-type=\"wp-page\" data-elementor-id=\"299\" class=\"elementor elementor-299\">\n\t\t\t\t\t\t\t\t\t<section class=\"elementor-section elementor-top-section elementor-element elementor-element-386ce05 elementor-section-boxed elementor-section-height-default elementor-section-height-default\" data-id=\"386ce05\" data-element_type=\"section\">\n\t\t\t\t\t\t\t<div class=\"elementor-background-overlay\"><\/div>\n\t\t\t\t\t\t\t<div class=\"elementor-container elementor-column-gap-default\">\n\t\t\t\t\t<div class=\"elementor-column elementor-col-100 elementor-top-column elementor-element elementor-element-a60a883\" data-id=\"a60a883\" data-element_type=\"column\">\n\t\t\t<div class=\"elementor-widget-wrap elementor-element-populated\">\n\t\t\t\t\t\t\t\t<div class=\"elementor-element elementor-element-a5457fa elementor-widget elementor-widget-spacer\" data-id=\"a5457fa\" data-element_type=\"widget\" data-widget_type=\"spacer.default\">\n\t\t\t\t<div class=\"elementor-widget-container\">\n\t\t\t<style>\/*! elementor - v3.8.1 - 13-11-2022 *\/\n.elementor-column .elementor-spacer-inner{height:var(--spacer-size)}.e-con{--container-widget-width:100%}.e-con-inner>.elementor-widget-spacer,.e-con>.elementor-widget-spacer{width:var(--container-widget-width,var(--spacer-size));-ms-flex-item-align:stretch;align-self:stretch;-ms-flex-negative:0;flex-shrink:0}.e-con-inner>.elementor-widget-spacer>.elementor-widget-container,.e-con-inner>.elementor-widget-spacer>.elementor-widget-container>.elementor-spacer,.e-con>.elementor-widget-spacer>.elementor-widget-container,.e-con>.elementor-widget-spacer>.elementor-widget-container>.elementor-spacer{height:100%}.e-con-inner>.elementor-widget-spacer>.elementor-widget-container>.elementor-spacer>.elementor-spacer-inner,.e-con>.elementor-widget-spacer>.elementor-widget-container>.elementor-spacer>.elementor-spacer-inner{height:var(--container-widget-height,var(--spacer-size))}<\/style>\t\t<div class=\"elementor-spacer\">\n\t\t\t<div class=\"elementor-spacer-inner\"><\/div>\n\t\t<\/div>\n\t\t\t\t<\/div>\n\t\t\t\t<\/div>\n\t\t\t\t\t<\/div>\n\t\t<\/div>\n\t\t\t\t\t\t\t<\/div>\n\t\t<\/section>\n\t\t\t\t<section class=\"elementor-section elementor-top-section elementor-element elementor-element-660636b elementor-section-boxed elementor-section-height-default elementor-section-height-default\" data-id=\"660636b\" data-element_type=\"section\" data-settings=\"{&quot;background_background&quot;:&quot;classic&quot;}\">\n\t\t\t\t\t\t<div class=\"elementor-container elementor-column-gap-default\">\n\t\t\t\t\t<div class=\"elementor-column elementor-col-100 elementor-top-column elementor-element elementor-element-7e0f03b\" data-id=\"7e0f03b\" data-element_type=\"column\">\n\t\t\t<div class=\"elementor-widget-wrap elementor-element-populated\">\n\t\t\t\t\t\t\t\t<section class=\"elementor-section elementor-inner-section elementor-element elementor-element-bb44354 elementor-section-boxed elementor-section-height-default elementor-section-height-default\" data-id=\"bb44354\" data-element_type=\"section\">\n\t\t\t\t\t\t<div class=\"elementor-container elementor-column-gap-default\">\n\t\t\t\t\t<div class=\"elementor-column elementor-col-50 elementor-inner-column elementor-element elementor-element-363255e\" data-id=\"363255e\" data-element_type=\"column\">\n\t\t\t<div class=\"elementor-widget-wrap\">\n\t\t\t\t\t\t\t\t\t<\/div>\n\t\t<\/div>\n\t\t\t\t<div class=\"elementor-column elementor-col-50 elementor-inner-column elementor-element elementor-element-e2c1a4d\" data-id=\"e2c1a4d\" data-element_type=\"column\">\n\t\t\t<div class=\"elementor-widget-wrap elementor-element-populated\">\n\t\t\t\t\t\t\t\t<div class=\"elementor-element elementor-element-965bf28 elementor-widget elementor-widget-heading\" data-id=\"965bf28\" data-element_type=\"widget\" data-widget_type=\"heading.default\">\n\t\t\t\t<div class=\"elementor-widget-container\">\n\t\t\t<style>\/*! elementor - v3.8.1 - 13-11-2022 *\/\n.elementor-heading-title{padding:0;margin:0;line-height:1}.elementor-widget-heading .elementor-heading-title[class*=elementor-size-]>a{color:inherit;font-size:inherit;line-height:inherit}.elementor-widget-heading .elementor-heading-title.elementor-size-small{font-size:15px}.elementor-widget-heading .elementor-heading-title.elementor-size-medium{font-size:19px}.elementor-widget-heading .elementor-heading-title.elementor-size-large{font-size:29px}.elementor-widget-heading .elementor-heading-title.elementor-size-xl{font-size:39px}.elementor-widget-heading .elementor-heading-title.elementor-size-xxl{font-size:59px}<\/style><h2 class=\"elementor-heading-title elementor-size-default\">Video streaming<\/h2>\t\t<\/div>\n\t\t\t\t<\/div>\n\t\t\t\t\t<\/div>\n\t\t<\/div>\n\t\t\t\t\t\t\t<\/div>\n\t\t<\/section>\n\t\t\t\t\t<\/div>\n\t\t<\/div>\n\t\t\t\t\t\t\t<\/div>\n\t\t<\/section>\n\t\t\t\t<section class=\"elementor-section elementor-top-section elementor-element elementor-element-e328841 elementor-section-boxed elementor-section-height-default elementor-section-height-default\" data-id=\"e328841\" data-element_type=\"section\" data-settings=\"{&quot;background_background&quot;:&quot;slideshow&quot;,&quot;background_slideshow_gallery&quot;:[],&quot;background_slideshow_loop&quot;:&quot;yes&quot;,&quot;background_slideshow_slide_duration&quot;:5000,&quot;background_slideshow_slide_transition&quot;:&quot;fade&quot;,&quot;background_slideshow_transition_duration&quot;:500}\">\n\t\t\t\t\t\t\t<div class=\"elementor-background-overlay\"><\/div>\n\t\t\t\t\t\t\t<div class=\"elementor-container elementor-column-gap-default\">\n\t\t\t\t\t<div class=\"elementor-column elementor-col-50 elementor-top-column elementor-element elementor-element-5581f08\" data-id=\"5581f08\" data-element_type=\"column\">\n\t\t\t<div class=\"elementor-widget-wrap elementor-element-populated\">\n\t\t\t\t\t\t\t\t<div class=\"elementor-element elementor-element-71e6005 elementor-widget elementor-widget-button\" data-id=\"71e6005\" data-element_type=\"widget\" data-widget_type=\"button.default\">\n\t\t\t\t<div class=\"elementor-widget-container\">\n\t\t\t\t\t<div class=\"elementor-button-wrapper\">\n\t\t\t<a href=\"https:\/\/www.uniamazonia.edu.co\/comisionverdad\/sin_demogracia_programa_tv\/\" class=\"elementor-button-link elementor-button elementor-size-sm\" role=\"button\">\n\t\t\t\t\t\t<span class=\"elementor-button-content-wrapper\">\n\t\t\t\t\t\t\t<span class=\"elementor-button-icon elementor-align-icon-left\">\n\t\t\t\t<svg xmlns=\"http:\/\/www.w3.org\/2000\/svg\" id=\"Capa_2\" data-name=\"Capa 2\" viewBox=\"0 0 50 50\"><defs><style>      .cls-1 {        fill: #fff;      }    <\/style><\/defs><g id=\"Capa_1-2\" data-name=\"Capa 1\"><g><path d=\"M50,25c0,13.81-11.19,25-25,25S0,38.81,0,25,11.19,0,25,0s25,11.19,25,25\"><\/path><path class=\"cls-1\" d=\"M27.6,36.28v-1.93h-5.78v1.95c1.95-.82,3.86-.83,5.78-.02m-2.8-23.74c-4.85,0-9.7,.01-14.55-.01-.66,0-.91,.14-.91,.86,.03,6,.02,12.01,.02,18.01,0,.84,.02,.86,.89,.86,9.66,0,19.31,0,28.97,0,.88,0,.89,0,.89-.93V13.45c0-.91,0-.91-.89-.91-4.81,0-9.61,0-14.42,0m-5.06,21.76h-.91c-2.9,0-5.8,0-8.71,0-1.89,0-2.81-.92-2.81-2.78,0-6.1,0-12.19,0-18.29,0-1.81,.9-2.73,2.71-2.73,9.82,0,19.64,0,29.46,0,1.76,0,2.67,.93,2.67,2.69,0,6.12,0,12.24,0,18.36,0,1.82-.93,2.75-2.77,2.75-2.9,0-5.81,0-8.71,0h-.93c0,.86-.03,1.68,.02,2.51,0,.15,.33,.32,.53,.39,2.41,.86,4.83,1.69,7.24,2.54,.13,.04,.26,.08,.38,.14,.63,.27,.89,.78,.68,1.35-.19,.52-.73,.76-1.35,.57-.67-.21-1.33-.45-1.99-.69-2.89-1.01-5.78-1.99-8.65-3.03-1.25-.45-2.46-.46-3.71-.01-3.41,1.22-6.84,2.39-10.26,3.58-.99,.34-1.57,.19-1.78-.46-.22-.68,.1-1.11,1.11-1.46,2.39-.84,4.78-1.69,7.18-2.5,.48-.16,.63-.39,.6-.87-.04-.65-.01-1.31-.01-2.07\"><\/path><path class=\"cls-1\" d=\"M12.9,23.4c-.28-.21-.67-.36-.8-.64-.14-.28-.09-.69,0-1.01,.05-.21,.3-.38,.48-.56,1.84-1.84,3.68-3.68,5.52-5.52,.11-.11,.22-.23,.34-.33,.48-.42,1.07-.43,1.46-.04,.41,.41,.44,1-.01,1.46-2.05,2.08-4.12,4.14-6.2,6.19-.18,.18-.46,.27-.79,.45\"><\/path><path class=\"cls-1\" d=\"M14.66,14.13c.24,.2,.63,.36,.74,.64,.12,.31,.11,.83-.08,1.05-.8,.91-1.68,1.77-2.57,2.59-.39,.36-.9,.3-1.29-.06-.39-.37-.5-.88-.14-1.28,.85-.93,1.77-1.81,2.67-2.68,.13-.13,.37-.15,.67-.26\"><\/path><\/g><\/g><\/svg>\t\t\t<\/span>\n\t\t\t\t\t\t<span class=\"elementor-button-text\">Programas de televisi\u00f3n<\/span>\n\t\t<\/span>\n\t\t\t\t\t<\/a>\n\t\t<\/div>\n\t\t\t\t<\/div>\n\t\t\t\t<\/div>\n\t\t\t\t<div class=\"elementor-element elementor-element-88a9375 elementor-widget elementor-widget-button\" data-id=\"88a9375\" data-element_type=\"widget\" data-widget_type=\"button.default\">\n\t\t\t\t<div class=\"elementor-widget-container\">\n\t\t\t\t\t<div class=\"elementor-button-wrapper\">\n\t\t\t<a href=\"https:\/\/www.uniamazonia.edu.co\/comisionverdad\/sin_democracia_video_streaming\/\" class=\"elementor-button-link elementor-button elementor-size-sm\" role=\"button\">\n\t\t\t\t\t\t<span class=\"elementor-button-content-wrapper\">\n\t\t\t\t\t\t\t<span class=\"elementor-button-icon elementor-align-icon-left\">\n\t\t\t\t<svg xmlns=\"http:\/\/www.w3.org\/2000\/svg\" id=\"Capa_2\" data-name=\"Capa 2\" viewBox=\"0 0 50 50\"><defs><style>      .cls-1 {        fill: #fff;      }    <\/style><\/defs><g id=\"Capa_1-2\" data-name=\"Capa 1\"><g><path d=\"M50,25c0,13.81-11.19,25-25,25S0,38.81,0,25,11.19,0,25,0s25,11.19,25,25\"><\/path><path class=\"cls-1\" d=\"M25.54,38.34c4.65,0,9.3,0,13.94,0,1.33,0,1.85-.5,1.85-1.82,0-3.9,0-7.8,0-11.7,0-1.34-.49-1.83-1.83-1.83-9.27,0-18.54,0-27.82,0-1.36,0-1.84,.48-1.84,1.81,0,3.9,0,7.8,0,11.7,0,1.34,.5,1.84,1.82,1.84,4.62,0,9.25,0,13.87,0m.06-17.53c4.6,0,9.2,0,13.8,0,2.68,0,4.1,1.43,4.1,4.1,0,3.85,0,7.71,0,11.56,0,2.56-1.48,4.04-4.03,4.04-9.27,0-18.55,0-27.82,0-2.51,0-3.98-1.48-3.98-4,0-3.93,0-7.85,0-11.78,0-2.44,1.47-3.92,3.91-3.92,4.67,0,9.35,0,14.02,0\"><\/path><path class=\"cls-1\" d=\"M18.18,3.51c1.05,.02,1.55,.89,1.15,1.61-.12,.21-.3,.38-.46,.55-3.13,3.43-3.15,8.66-.04,12.11,.11,.13,.24,.24,.34,.37,.43,.54,.42,1.14-.04,1.56-.44,.4-1.08,.39-1.55-.09-1.28-1.29-2.22-2.79-2.72-4.53-1.18-4.13-.34-7.8,2.54-11,.26-.29,.63-.47,.79-.59\"><\/path><path class=\"cls-1\" d=\"M36.85,11.48c-.09,3.35-1.12,5.94-3.21,8.1-.42,.43-.95,.63-1.41,.23-.29-.25-.44-.75-.47-1.16-.02-.24,.29-.53,.49-.76,1.33-1.47,2.14-3.18,2.34-5.16,.28-2.74-.53-5.12-2.37-7.16-.03-.04-.07-.07-.1-.1-.54-.6-.58-1.19-.11-1.66,.48-.48,1.12-.42,1.7,.19,1.47,1.53,2.44,3.33,2.86,5.4,.16,.8,.22,1.62,.27,2.06\"><\/path><path class=\"cls-1\" d=\"M25.61,12.93c.67-.01,1.17-.53,1.15-1.2-.01-.66-.53-1.16-1.2-1.15-.67,.01-1.16,.53-1.15,1.2,.01,.67,.52,1.16,1.2,1.15m3.33-1.14c-.01,1.86-1.49,3.32-3.36,3.31-1.9,0-3.37-1.51-3.34-3.41,.03-1.85,1.52-3.3,3.4-3.28,1.86,.02,3.31,1.51,3.3,3.38\"><\/path><path class=\"cls-1\" d=\"M33.05,11.59c-.02,1.91-.61,3.45-1.81,4.74-.53,.57-1.17,.64-1.65,.2-.49-.45-.48-1.04,.05-1.66,1.66-1.96,1.67-4.28,.02-6.22-.53-.62-.56-1.21-.08-1.66,.5-.47,1.12-.39,1.7,.22,1.11,1.16,1.77,2.85,1.77,4.37\"><\/path><path class=\"cls-1\" d=\"M18.11,11.65c.04-1.59,.58-3.11,1.76-4.4,.58-.63,1.18-.73,1.7-.28,.52,.45,.49,1.06-.06,1.71-1.63,1.89-1.62,4.23,0,6.16,.54,.64,.56,1.28,.05,1.71-.5,.43-1.13,.32-1.7-.3-1.1-1.2-1.74-2.83-1.75-4.6\"><\/path><path class=\"cls-1\" d=\"M34.3,27.32v1.69c.99,0,1.95-.02,2.91,0,.97,.03,1.55,.9,1.03,1.6-.22,.29-.7,.51-1.08,.54-.93,.07-1.87,.02-2.84,.02v2.83h.68c.99,0,1.98-.02,2.96,.01,.61,.02,1.08,.51,1.05,1.07-.03,.6-.36,1.05-.97,1.07-1.66,.04-3.32,.05-4.98,0-.59-.02-.95-.46-.95-1.08,0-2.94-.01-5.87,0-8.81,0-.68,.4-1.09,1.08-1.09,1.61-.02,3.23-.02,4.84,0,.67,0,1.13,.48,1.13,1.07,0,.58-.46,1.06-1.13,1.08-.94,.03-1.88,.01-2.82,.01h-.9\"><\/path><path class=\"cls-1\" d=\"M26.97,31.26c.54-1.79,1-3.44,1.55-5.05,.13-.38,.47-.8,.82-.97,.25-.12,.85,.03,1.01,.26,.22,.32,.33,.87,.23,1.25-.48,1.79-1.05,3.55-1.58,5.32-.31,1.04-.64,2.07-.93,3.11-.16,.57-.49,.96-1.1,.96-.6,0-.94-.35-1.12-.94-.84-2.83-1.71-5.66-2.56-8.49-.22-.75,.06-1.34,.68-1.51,.64-.17,1.15,.14,1.39,.91,.47,1.51,.93,3.03,1.39,4.55,.05,.16,.11,.31,.22,.61\"><\/path><path class=\"cls-1\" d=\"M14.19,34.01c.98,0,1.86,0,2.75,0,.77,0,1.26,.46,1.25,1.1-.01,.61-.5,1.05-1.22,1.06-1.25,.01-2.5,.02-3.76,0-.78-.01-1.19-.43-1.19-1.23-.01-2.86-.01-5.73,0-8.59,0-.73,.44-1.19,1.07-1.19,.66,0,1.09,.46,1.09,1.24,0,2.24,0,4.48,0,6.72v.89Z\"><\/path><path class=\"cls-1\" d=\"M19.38,30.64c0-1.39,0-2.79,0-4.18,0-.84,.41-1.32,1.09-1.31,.68,0,1.07,.49,1.07,1.34,0,2.79,0,5.57,0,8.36,0,.82-.44,1.33-1.1,1.32-.66,0-1.06-.51-1.07-1.35,0-1.39,0-2.79,0-4.18\"><\/path><\/g><\/g><\/svg>\t\t\t<\/span>\n\t\t\t\t\t\t<span class=\"elementor-button-text\">Video streaming<\/span>\n\t\t<\/span>\n\t\t\t\t\t<\/a>\n\t\t<\/div>\n\t\t\t\t<\/div>\n\t\t\t\t<\/div>\n\t\t\t\t<div class=\"elementor-element elementor-element-6ac8052 elementor-widget elementor-widget-button\" data-id=\"6ac8052\" data-element_type=\"widget\" data-widget_type=\"button.default\">\n\t\t\t\t<div class=\"elementor-widget-container\">\n\t\t\t\t\t<div class=\"elementor-button-wrapper\">\n\t\t\t<a href=\"https:\/\/www.uniamazonia.edu.co\/comisionverdad\/sin_democracia_informe_investigacion\/\" class=\"elementor-button-link elementor-button elementor-size-sm\" role=\"button\">\n\t\t\t\t\t\t<span class=\"elementor-button-content-wrapper\">\n\t\t\t\t\t\t\t<span class=\"elementor-button-icon elementor-align-icon-left\">\n\t\t\t\t<svg xmlns=\"http:\/\/www.w3.org\/2000\/svg\" id=\"Capa_2\" data-name=\"Capa 2\" viewBox=\"0 0 50 50\"><defs><style>      .cls-1 {        fill: #fff;      }    <\/style><\/defs><g id=\"Capa_1-2\" data-name=\"Capa 1\"><g><path d=\"M50,25c0,13.81-11.19,25-25,25S0,38.81,0,25,11.19,0,25,0s25,11.19,25,25\"><\/path><path class=\"cls-1\" d=\"M35,6.97c.28,.17,.37,.42,.35,.75-.02,.49,0,.98,0,1.53,.51,0,1,0,1.49,0,.64,0,.78,.14,.78,.79v1.57c.51,0,1,0,1.49,0,.67,0,.8,.13,.8,.8v21.66c0,.57-.17,.82-.54,.81-.36,0-.51-.24-.51-.8V12.68h-1.23v15.73c0,.55-.16,.8-.51,.81-.37,.01-.55-.25-.55-.81V10.32h-1.21v13.59c0,.11,0,.21,0,.32-.02,.35-.24,.57-.55,.56-.29-.01-.49-.23-.5-.57,0-.11,0-.21,0-.32V8.04H11.18v29.27h23.11v-10.29c0-.12,0-.24,0-.35,.04-.28,.21-.45,.49-.47,.28-.02,.47,.14,.54,.41,.03,.12,.02,.26,.02,.39,0,3.52,0,7.04,0,10.57,0,.7-.13,.83-.81,.83H13.46v1.21h23.1v-.41c0-2.58,0-5.17,0-7.75,0-.13,0-.26,.02-.39,.06-.27,.25-.43,.53-.42,.3,.01,.47,.19,.5,.49,0,.09,0,.19,0,.28v8.49c0,.64-.14,.79-.78,.79H15.73v1.27h23.12v-.41c0-1.48,0-2.96,0-4.44,0-.13,0-.26,.02-.39,.05-.27,.23-.41,.49-.42,.26,0,.45,.12,.52,.39,.03,.12,.03,.26,.03,.38,0,1.73,0,3.45,0,5.18,0,.64-.15,.78-.8,.78H15.44c-.64,0-.79-.15-.79-.78,0-.48,0-.96,0-1.44,0-.02-.01-.04-.03-.12-.47,0-.96,0-1.45,0-.64,0-.78-.14-.78-.79,0-.46,0-.92,0-1.37,0-.02-.01-.04-.04-.13-.47,0-.96,0-1.45,0-.67,0-.8-.13-.8-.8,0-9.94,0-19.89,0-29.83,0-.32,.05-.6,.33-.8h24.58Z\"><\/path><path class=\"cls-1\" d=\"M13.88,19.47h6.02V10.75h-6.02v8.73Zm7.1-4.33c0,1.56,0,3.12,0,4.68,0,.56-.18,.73-.74,.73-2.23,0-4.46,0-6.69,0-.57,0-.74-.16-.74-.72,0-3.14,0-6.29,0-9.43,0-.57,.16-.73,.73-.73,2.23,0,4.46,0,6.69,0,.59,0,.75,.17,.75,.76v4.72\"><\/path><path class=\"cls-1\" d=\"M31.57,10.76h-8.01v1.33h8.01v-1.33Zm-3.99-1.09c1.44,0,2.88,0,4.33,0,.58,0,.74,.16,.74,.73,0,.69,0,1.38,0,2.08,0,.5-.19,.68-.68,.68-2.93,0-5.86,0-8.79,0-.51,0-.69-.19-.69-.71,0-.69,0-1.38,0-2.08,0-.51,.18-.7,.7-.7,1.47,0,2.93,0,4.4,0\"><\/path><path class=\"cls-1\" d=\"M25.41,23.1c-2.17,0-4.34,0-6.52,0-.2,0-.45-.09-.58-.23-.25-.27-.06-.71,.31-.79,.12-.03,.26-.02,.38-.02,4.27,0,8.55,0,12.82,0,.07,0,.14,0,.21,0,.37,.02,.6,.23,.59,.55-.01,.31-.23,.5-.6,.5-2.21,0-4.41,0-6.62,0\"><\/path><path class=\"cls-1\" d=\"M25.44,27.18h6.41c.12,0,.27-.04,.35,.02,.17,.12,.36,.27,.42,.45,.09,.24-.07,.46-.32,.55-.12,.04-.25,.04-.38,.04-4.32,0-8.64,0-12.96,0-.12,0-.24,0-.35-.03-.27-.08-.41-.27-.38-.56,.03-.27,.19-.42,.45-.46,.11-.02,.23,0,.35,0h6.41\"><\/path><path class=\"cls-1\" d=\"M25.41,30.79h-6.37c-.12,0-.24,0-.35,0-.27-.03-.43-.19-.46-.46-.03-.28,.1-.48,.37-.56,.12-.03,.26-.03,.38-.03,4.3,0,8.59,0,12.89,0,.13,0,.26,0,.38,.03,.27,.08,.4,.28,.37,.56-.03,.27-.19,.42-.46,.45-.12,.01-.23,0-.35,0h-6.41\"><\/path><path class=\"cls-1\" d=\"M25.43,24.62c2.14,0,4.27,0,6.41,0,.13,0,.26,0,.39,.02,.27,.05,.41,.23,.41,.49,0,.27-.13,.45-.39,.51-.12,.03-.26,.03-.38,.03-4.28,0-8.57,0-12.85,0-.12,0-.24,0-.35-.02-.28-.05-.43-.23-.43-.52s.16-.46,.44-.5c.13-.02,.26-.01,.39-.02h6.37\"><\/path><path class=\"cls-1\" d=\"M25.46,32.3c2.11,0,4.23,0,6.34,0,.14,0,.28,0,.42,.02,.25,.04,.39,.21,.41,.46,.02,.26-.1,.46-.36,.54-.13,.04-.28,.04-.42,.04-4.28,0-8.57,0-12.85,0-.13,0-.26,0-.38-.03-.28-.07-.41-.26-.4-.54,.02-.27,.17-.43,.44-.47,.13-.02,.26-.01,.39-.01h6.41\"><\/path><path class=\"cls-1\" d=\"M27.57,15.7c-1.47,0-2.93,0-4.4,0-.44,0-.69-.19-.69-.53,0-.33,.26-.53,.69-.53,2.93,0,5.87,0,8.8,0,.43,0,.68,.21,.66,.55-.01,.33-.24,.5-.67,.51-1.47,0-2.93,0-4.4,0\"><\/path><path class=\"cls-1\" d=\"M27.57,17.98c-1.47,0-2.93,0-4.4,0-.18,0-.41-.06-.54-.18-.29-.26-.15-.73,.23-.83,.13-.04,.28-.04,.42-.04,2.85,0,5.7,0,8.55,0,.06,0,.12,0,.18,0,.41,.02,.64,.22,.63,.55-.01,.32-.23,.5-.63,.5-1.48,0-2.96,0-4.43,0\"><\/path><path class=\"cls-1\" d=\"M27.57,19.5c1.48,0,2.96,0,4.43,0,.26,0,.47,.06,.59,.3,.14,.3-.02,.64-.34,.72-.12,.03-.26,.03-.38,.03-2.86,0-5.72,0-8.59,0-.06,0-.12,0-.18,0-.38-.01-.62-.22-.62-.53,0-.31,.24-.52,.62-.52,1.49,0,2.98,0,4.47,0\"><\/path><path class=\"cls-1\" d=\"M14.72,33.36c-.42,0-.85,0-1.27,0-.42,0-.64-.2-.64-.54,0-.32,.22-.51,.62-.51,.88,0,1.76,0,2.64,0,.4,0,.62,.19,.62,.52,0,.34-.22,.53-.64,.54-.45,0-.89,0-1.34,0\"><\/path><path class=\"cls-1\" d=\"M14.76,23.1c-.46,0-.91,0-1.37,0-.36,0-.58-.21-.58-.52,0-.31,.22-.53,.57-.53,.91,0,1.83,0,2.74,0,.36,0,.57,.22,.58,.53,0,.31-.21,.52-.57,.52-.46,0-.91,0-1.37,0\"><\/path><path class=\"cls-1\" d=\"M14.77,27.18c.44,0,.89,0,1.33,0,.37,0,.58,.2,.59,.51,0,.33-.21,.54-.59,.55-.9,0-1.8,0-2.7,0-.38,0-.6-.22-.59-.54,0-.31,.23-.5,.59-.51,.46,0,.91,0,1.37,0\"><\/path><path class=\"cls-1\" d=\"M14.74,30.79c-.44,0-.89,0-1.33,0-.38,0-.61-.21-.6-.53,0-.31,.22-.51,.59-.52,.9,0,1.8,0,2.7,0,.38,0,.6,.21,.6,.54,0,.32-.22,.51-.62,.51-.44,0-.89,0-1.33,0\"><\/path><path class=\"cls-1\" d=\"M14.79,24.62c.43,0,.87,0,1.3,0,.4,0,.61,.2,.61,.53,0,.31-.21,.52-.58,.52-.9,.01-1.81,.01-2.71,0-.38,0-.58-.2-.59-.52,0-.33,.21-.53,.6-.53,.46,0,.92,0,1.37,0\"><\/path><\/g><\/g><\/svg>\t\t\t<\/span>\n\t\t\t\t\t\t<span class=\"elementor-button-text\">Informa de investigaci\u00f3n<\/span>\n\t\t<\/span>\n\t\t\t\t\t<\/a>\n\t\t<\/div>\n\t\t\t\t<\/div>\n\t\t\t\t<\/div>\n\t\t\t\t<div class=\"elementor-element elementor-element-d3e17d6 elementor-widget elementor-widget-spacer\" data-id=\"d3e17d6\" data-element_type=\"widget\" data-widget_type=\"spacer.default\">\n\t\t\t\t<div class=\"elementor-widget-container\">\n\t\t\t\t\t<div class=\"elementor-spacer\">\n\t\t\t<div class=\"elementor-spacer-inner\"><\/div>\n\t\t<\/div>\n\t\t\t\t<\/div>\n\t\t\t\t<\/div>\n\t\t\t\t<div class=\"elementor-element elementor-element-1da24f0 elementor-widget elementor-widget-image\" data-id=\"1da24f0\" data-element_type=\"widget\" data-widget_type=\"image.default\">\n\t\t\t\t<div class=\"elementor-widget-container\">\n\t\t\t<style>\/*! elementor - v3.8.1 - 13-11-2022 *\/\n.elementor-widget-image{text-align:center}.elementor-widget-image a{display:inline-block}.elementor-widget-image a img[src$=\".svg\"]{width:48px}.elementor-widget-image img{vertical-align:middle;display:inline-block}<\/style>\t\t\t\t\t\t\t\t\t\t\t\t<img decoding=\"async\" width=\"800\" height=\"542\" src=\"https:\/\/www.uniamazonia.edu.co\/comisionverdad\/wp-content\/uploads\/2022\/11\/Mapa_cap_2-1024x694.png\" class=\"attachment-large size-large\" alt=\"\" loading=\"lazy\" srcset=\"https:\/\/www.uniamazonia.edu.co\/comisionverdad\/wp-content\/uploads\/2022\/11\/Mapa_cap_2-1024x694.png 1024w, https:\/\/www.uniamazonia.edu.co\/comisionverdad\/wp-content\/uploads\/2022\/11\/Mapa_cap_2-300x203.png 300w, https:\/\/www.uniamazonia.edu.co\/comisionverdad\/wp-content\/uploads\/2022\/11\/Mapa_cap_2-768x520.png 768w, https:\/\/www.uniamazonia.edu.co\/comisionverdad\/wp-content\/uploads\/2022\/11\/Mapa_cap_2.png 1184w\" sizes=\"(max-width: 800px) 100vw, 800px\" \/>\t\t\t\t\t\t\t\t\t\t\t\t\t\t\t<\/div>\n\t\t\t\t<\/div>\n\t\t\t\t\t<\/div>\n\t\t<\/div>\n\t\t\t\t<div class=\"elementor-column elementor-col-50 elementor-top-column elementor-element elementor-element-832c161\" data-id=\"832c161\" data-element_type=\"column\">\n\t\t\t<div class=\"elementor-widget-wrap elementor-element-populated\">\n\t\t\t\t\t\t\t\t<div class=\"elementor-element elementor-element-4a831b6 elementor-aspect-ratio-169 elementor-widget elementor-widget-video\" data-id=\"4a831b6\" data-element_type=\"widget\" data-settings=\"{&quot;youtube_url&quot;:&quot;https:\\\/\\\/www.youtube.com\\\/watch?v=rB_EdqGgDHc&quot;,&quot;video_type&quot;:&quot;youtube&quot;,&quot;controls&quot;:&quot;yes&quot;,&quot;aspect_ratio&quot;:&quot;169&quot;}\" data-widget_type=\"video.default\">\n\t\t\t\t<div class=\"elementor-widget-container\">\n\t\t\t<style>\/*! elementor - v3.8.1 - 13-11-2022 *\/\n.elementor-widget-video .elementor-widget-container{overflow:hidden;-webkit-transform:translateZ(0);transform:translateZ(0)}.elementor-widget-video .elementor-open-inline .elementor-custom-embed-image-overlay{position:absolute;top:0;left:0;width:100%;height:100%;background-size:cover;background-position:50%}.elementor-widget-video .elementor-custom-embed-image-overlay{cursor:pointer;text-align:center}.elementor-widget-video .elementor-custom-embed-image-overlay:hover .elementor-custom-embed-play i{opacity:1}.elementor-widget-video .elementor-custom-embed-image-overlay img{display:block;width:100%}.elementor-widget-video .e-hosted-video .elementor-video{-o-object-fit:cover;object-fit:cover}.e-con-inner>.elementor-widget-video,.e-con>.elementor-widget-video{width:var(--container-widget-width,100%)}<\/style>\t\t<div class=\"elementor-wrapper elementor-fit-aspect-ratio elementor-open-inline\">\n\t\t\t<div class=\"elementor-video\"><\/div>\t\t<\/div>\n\t\t\t\t<\/div>\n\t\t\t\t<\/div>\n\t\t\t\t<div class=\"elementor-element elementor-element-93c531d elementor-widget elementor-widget-heading\" data-id=\"93c531d\" data-element_type=\"widget\" data-widget_type=\"heading.default\">\n\t\t\t\t<div class=\"elementor-widget-container\">\n\t\t\t<h5 class=\"elementor-heading-title elementor-size-small\">Espacio de escucha: afectaciones a la democracia partidos pol\u00edticos Caquet\u00e1<\/h5>\t\t<\/div>\n\t\t\t\t<\/div>\n\t\t\t\t<div class=\"elementor-element elementor-element-14c2d89 elementor-widget elementor-widget-text-editor\" data-id=\"14c2d89\" data-element_type=\"widget\" data-widget_type=\"text-editor.default\">\n\t\t\t\t<div class=\"elementor-widget-container\">\n\t\t\t<style>\/*! elementor - v3.8.1 - 13-11-2022 *\/\n.elementor-widget-text-editor.elementor-drop-cap-view-stacked .elementor-drop-cap{background-color:#818a91;color:#fff}.elementor-widget-text-editor.elementor-drop-cap-view-framed .elementor-drop-cap{color:#818a91;border:3px solid;background-color:transparent}.elementor-widget-text-editor:not(.elementor-drop-cap-view-default) .elementor-drop-cap{margin-top:8px}.elementor-widget-text-editor:not(.elementor-drop-cap-view-default) .elementor-drop-cap-letter{width:1em;height:1em}.elementor-widget-text-editor .elementor-drop-cap{float:left;text-align:center;line-height:1;font-size:50px}.elementor-widget-text-editor .elementor-drop-cap-letter{display:inline-block}<\/style>\t\t\t\t<p>En este espacio participaron delegados de los partidos pol\u00edticos Liberal, Conservador y Uni\u00f3n Patri\u00f3tica. El objetivo del espacio fue escuchar las afectaciones a los partidos pol\u00edticos del Caquet\u00e1 en el marco del conflicto armado, los impactos en la democracia y en la sociedad, as\u00ed como tambi\u00e9n las formas en que desde los colectivos pol\u00edticos se puede transitar hacia la paz y no la repetici\u00f3n. Se destaca la voluntad de los partidos para reunirse en otros espacios para seguir construyendo la verdad en torno a la democracia en el Caquet\u00e1, desde esta \u00f3ptica se propusieron entregar un informe a la Comisi\u00f3n de la Verdad<\/p>\t\t\t\t\t\t<\/div>\n\t\t\t\t<\/div>\n\t\t\t\t<div class=\"elementor-element elementor-element-d0767c7 elementor-widget elementor-widget-spacer\" data-id=\"d0767c7\" data-element_type=\"widget\" data-widget_type=\"spacer.default\">\n\t\t\t\t<div class=\"elementor-widget-container\">\n\t\t\t\t\t<div class=\"elementor-spacer\">\n\t\t\t<div class=\"elementor-spacer-inner\"><\/div>\n\t\t<\/div>\n\t\t\t\t<\/div>\n\t\t\t\t<\/div>\n\t\t\t\t\t<\/div>\n\t\t<\/div>\n\t\t\t\t\t\t\t<\/div>\n\t\t<\/section>\n\t\t\t\t\t\t\t<\/div>\n\t\t","protected":false},"excerpt":{"rendered":"<p>Video streaming Programas de televisi\u00f3n Video streaming Informa de investigaci\u00f3n Espacio de escucha: afectaciones a la democracia partidos pol\u00edticos Caquet\u00e1 En este espacio participaron delegados de los partidos pol\u00edticos Liberal, Conservador y Uni\u00f3n Patri\u00f3tica. El objetivo del espacio fue escuchar las afectaciones a los partidos pol\u00edticos del Caquet\u00e1 en el marco del conflicto armado, los [&hellip;]<\/p>\n","protected":false},"author":1,"featured_media":0,"parent":0,"menu_order":0,"comment_status":"closed","ping_status":"closed","template":"","meta":[],"_links":{"self":[{"href":"https:\/\/www.uniamazonia.edu.co\/comisionverdad\/wp-json\/wp\/v2\/pages\/299"}],"collection":[{"href":"https:\/\/www.uniamazonia.edu.co\/comisionverdad\/wp-json\/wp\/v2\/pages"}],"about":[{"href":"https:\/\/www.uniamazonia.edu.co\/comisionverdad\/wp-json\/wp\/v2\/types\/page"}],"author":[{"embeddable":true,"href":"https:\/\/www.uniamazonia.edu.co\/comisionverdad\/wp-json\/wp\/v2\/users\/1"}],"replies":[{"embeddable":true,"href":"https:\/\/www.uniamazonia.edu.co\/comisionverdad\/wp-json\/wp\/v2\/comments?post=299"}],"version-history":[{"count":22,"href":"https:\/\/www.uniamazonia.edu.co\/comisionverdad\/wp-json\/wp\/v2\/pages\/299\/revisions"}],"predecessor-version":[{"id":1976,"href":"https:\/\/www.uniamazonia.edu.co\/comisionverdad\/wp-json\/wp\/v2\/pages\/299\/revisions\/1976"}],"wp:attachment":[{"href":"https:\/\/www.uniamazonia.edu.co\/comisionverdad\/wp-json\/wp\/v2\/media?parent=299"}],"curies":[{"name":"wp","href":"https:\/\/api.w.org\/{rel}","templated":true}]}}