{"id":386,"date":"2021-09-13T16:30:02","date_gmt":"2021-09-13T21:30:02","guid":{"rendered":"http:\/\/estacion-04.local\/arainmba\/?page_id=386"},"modified":"2021-10-28T10:04:55","modified_gmt":"2021-10-28T15:04:55","slug":"suelos-y-pasturas","status":"publish","type":"page","link":"https:\/\/www.uniamazonia.edu.co\/arainmba\/index.php\/suelos-y-pasturas\/","title":{"rendered":"Suelos y pasturas"},"content":{"rendered":"\t\t<div data-elementor-type=\"wp-page\" data-elementor-id=\"386\" class=\"elementor elementor-386\" data-elementor-settings=\"[]\">\n\t\t\t\t\t\t\t<div class=\"elementor-section-wrap\">\n\t\t\t\t\t\t\t<section class=\"elementor-section elementor-top-section elementor-element elementor-element-5f4e95a2 elementor-section-boxed elementor-section-height-default elementor-section-height-default\" data-id=\"5f4e95a2\" data-element_type=\"section\" data-settings=\"{&quot;background_background&quot;:&quot;classic&quot;}\">\n\t\t\t\t\t\t<div class=\"elementor-container elementor-column-gap-default\">\n\t\t\t\t\t<div class=\"elementor-column elementor-col-100 elementor-top-column elementor-element elementor-element-6e43d30a\" data-id=\"6e43d30a\" data-element_type=\"column\">\n\t\t\t<div class=\"elementor-widget-wrap elementor-element-populated\">\n\t\t\t\t\t\t\t\t<div class=\"elementor-element elementor-element-53c62b3d elementor-widget elementor-widget-spacer\" data-id=\"53c62b3d\" data-element_type=\"widget\" data-widget_type=\"spacer.default\">\n\t\t\t\t<div class=\"elementor-widget-container\">\n\t\t\t\t\t<div class=\"elementor-spacer\">\n\t\t\t<div class=\"elementor-spacer-inner\"><\/div>\n\t\t<\/div>\n\t\t\t\t<\/div>\n\t\t\t\t<\/div>\n\t\t\t\t<div class=\"elementor-element elementor-element-1d3321be elementor-widget elementor-widget-heading\" data-id=\"1d3321be\" data-element_type=\"widget\" data-widget_type=\"heading.default\">\n\t\t\t\t<div class=\"elementor-widget-container\">\n\t\t\t<h4 class=\"elementor-heading-title elementor-size-default\">Documentos<\/h4>\t\t<\/div>\n\t\t\t\t<\/div>\n\t\t\t\t<div class=\"elementor-element elementor-element-6bf5c0a6 elementor-widget elementor-widget-image\" data-id=\"6bf5c0a6\" data-element_type=\"widget\" data-widget_type=\"image.default\">\n\t\t\t\t<div class=\"elementor-widget-container\">\n\t\t\t\t\t\t\t\t\t\t\t\t\t\t\t<img width=\"300\" height=\"3\" src=\"https:\/\/www.uniamazonia.edu.co\/arainmba\/wp-content\/uploads\/2021\/09\/line-300x3.png\" class=\"attachment-medium size-medium\" alt=\"\" loading=\"lazy\" srcset=\"https:\/\/www.uniamazonia.edu.co\/arainmba\/wp-content\/uploads\/2021\/09\/line-300x3.png 300w, https:\/\/www.uniamazonia.edu.co\/arainmba\/wp-content\/uploads\/2021\/09\/line-1024x11.png 1024w, https:\/\/www.uniamazonia.edu.co\/arainmba\/wp-content\/uploads\/2021\/09\/line-768x8.png 768w, https:\/\/www.uniamazonia.edu.co\/arainmba\/wp-content\/uploads\/2021\/09\/line.png 1398w\" sizes=\"(max-width: 300px) 100vw, 300px\" \/>\t\t\t\t\t\t\t\t\t\t\t\t\t\t\t<\/div>\n\t\t\t\t<\/div>\n\t\t\t\t<div class=\"elementor-element elementor-element-14a29486 elementor-widget elementor-widget-wp-widget-text\" data-id=\"14a29486\" data-element_type=\"widget\" data-widget_type=\"wp-widget-text.default\">\n\t\t\t\t<div class=\"elementor-widget-container\">\n\t\t\t\t\t\t<div class=\"textwidget\"><p><strong><span lang=\"ES\" style=\"margin: 0px;padding: 0px;font-size: 11pt;line-height: 15.6933px;font-family: Lato;color: #f24e4e\">Material did\u00e1ctico <\/span><\/strong><\/p>\n<p><strong><span lang=\"ES\" style=\"margin: 0px;padding: 0px;font-size: 11pt;line-height: 15.6933px;font-family: Lato;color: #f24e4e\">Taller 1: Caracter\u00edsticas bromatol\u00f3gicas, nutricionales y de manejo RNMB y subproductos agroindustriales del departamento del Caquet\u00e1<\/span><\/strong><\/p>\n<\/div>\n\t\t\t\t<\/div>\n\t\t\t\t<\/div>\n\t\t\t\t<div class=\"elementor-element elementor-element-200946b6 elementor-widget elementor-widget-wp-widget-text\" data-id=\"200946b6\" data-element_type=\"widget\" data-widget_type=\"wp-widget-text.default\">\n\t\t\t\t<div class=\"elementor-widget-container\">\n\t\t\t\t\t\t<div class=\"textwidget\"><p style=\"text-align: justify\"><strong><span lang=\"ES\" style=\"margin: 0px;padding: 0px;font-size: 11pt;line-height: 15.6933px;font-family: Lato;color: #000\">Cartilla suelos y pasturas<\/span><\/strong><\/p>\n<\/div>\n\t\t\t\t<\/div>\n\t\t\t\t<\/div>\n\t\t\t\t\t<\/div>\n\t\t<\/div>\n\t\t\t\t\t\t\t<\/div>\n\t\t<\/section>\n\t\t\t\t<section class=\"elementor-section elementor-top-section elementor-element elementor-element-fc501e0 elementor-section-boxed elementor-section-height-default elementor-section-height-default\" data-id=\"fc501e0\" data-element_type=\"section\">\n\t\t\t\t\t\t<div class=\"elementor-container elementor-column-gap-default\">\n\t\t\t\t\t<div class=\"elementor-column elementor-col-100 elementor-top-column elementor-element elementor-element-3ed89ac\" data-id=\"3ed89ac\" data-element_type=\"column\">\n\t\t\t<div class=\"elementor-widget-wrap elementor-element-populated\">\n\t\t\t\t\t\t\t\t<div class=\"elementor-element elementor-element-9bd82cb elementor-widget elementor-widget-shortcode\" data-id=\"9bd82cb\" data-element_type=\"widget\" data-widget_type=\"shortcode.default\">\n\t\t\t\t<div class=\"elementor-widget-container\">\n\t\t\t\t\t<div class=\"elementor-shortcode\"><div class=\"_df_book df-lite\" id=\"df_1279\"  data-title=\"03_impacto_ganaderia\" _slug=\"03_impacto_ganaderia\" wpoptions=\"true\" thumbtype=\"bg\" ><p class=\"df-raw-loading\">Please wait while flipbook is loading. For more related info, FAQs and issues please refer to <a href=\"https:\/\/wordpress.org\/plugins\/3d-flipbook-dflip-lite\/#installation\">DearFlip WordPress Flipbook Plugin Help<\/a> documentation.<\/p><\/div><script class=\"df-shortcode-script\" type=\"application\/javascript\">window.option_df_1279 = {\"outline\":[],\"backgroundColor\":\"#fffff\",\"forceFit\":\"true\",\"autoEnableOutline\":\"false\",\"autoEnableThumbnail\":\"false\",\"overwritePDFOutline\":\"false\",\"enableDownload\":\"false\",\"direction\":\"1\",\"pageSize\":\"0\",\"soundEnable\":\"false\",\"maxTextureSize\":\"1800\",\"source\":\"https:\\\/\\\/www.uniamazonia.edu.co\\\/arainmba\\\/wp-content\\\/uploads\\\/2022\\\/02\\\/03.-Impacto_ganaderia_1_baja2.pdf\",\"wpOptions\":\"true\"}; if(window.DFLIP && window.DFLIP.parseBooks){window.DFLIP.parseBooks();}<\/script><\/div>\n\t\t\t\t<\/div>\n\t\t\t\t<\/div>\n\t\t\t\t\t<\/div>\n\t\t<\/div>\n\t\t\t\t\t\t\t<\/div>\n\t\t<\/section>\n\t\t\t\t\t\t<\/div>\n\t\t\t\t\t<\/div>\n\t\t","protected":false},"excerpt":{"rendered":"<p>Documentos<\/p>\n","protected":false},"author":1,"featured_media":0,"parent":0,"menu_order":0,"comment_status":"closed","ping_status":"closed","template":"","meta":[],"_links":{"self":[{"href":"https:\/\/www.uniamazonia.edu.co\/arainmba\/index.php\/wp-json\/wp\/v2\/pages\/386"}],"collection":[{"href":"https:\/\/www.uniamazonia.edu.co\/arainmba\/index.php\/wp-json\/wp\/v2\/pages"}],"about":[{"href":"https:\/\/www.uniamazonia.edu.co\/arainmba\/index.php\/wp-json\/wp\/v2\/types\/page"}],"author":[{"embeddable":true,"href":"https:\/\/www.uniamazonia.edu.co\/arainmba\/index.php\/wp-json\/wp\/v2\/users\/1"}],"replies":[{"embeddable":true,"href":"https:\/\/www.uniamazonia.edu.co\/arainmba\/index.php\/wp-json\/wp\/v2\/comments?post=386"}],"version-history":[{"count":19,"href":"https:\/\/www.uniamazonia.edu.co\/arainmba\/index.php\/wp-json\/wp\/v2\/pages\/386\/revisions"}],"predecessor-version":[{"id":1309,"href":"https:\/\/www.uniamazonia.edu.co\/arainmba\/index.php\/wp-json\/wp\/v2\/pages\/386\/revisions\/1309"}],"wp:attachment":[{"href":"https:\/\/www.uniamazonia.edu.co\/arainmba\/index.php\/wp-json\/wp\/v2\/media?parent=386"}],"curies":[{"name":"wp","href":"https:\/\/api.w.org\/{rel}","templated":true}]}}