{"id":228,"date":"2021-09-10T15:03:36","date_gmt":"2021-09-10T20:03:36","guid":{"rendered":"http:\/\/estacion-04.local\/arainmba\/?page_id=228"},"modified":"2022-03-30T11:47:28","modified_gmt":"2022-03-30T16:47:28","slug":"sensibilizacion","status":"publish","type":"page","link":"https:\/\/www.uniamazonia.edu.co\/arainmba\/index.php\/sensibilizacion\/","title":{"rendered":"Sensibilizaci\u00f3n"},"content":{"rendered":"\t\t<div data-elementor-type=\"wp-page\" data-elementor-id=\"228\" class=\"elementor elementor-228\" data-elementor-settings=\"[]\">\n\t\t\t\t\t\t\t<div class=\"elementor-section-wrap\">\n\t\t\t\t\t\t\t<section class=\"elementor-section elementor-top-section elementor-element elementor-element-2cabf9c6 elementor-section-boxed elementor-section-height-default elementor-section-height-default\" data-id=\"2cabf9c6\" data-element_type=\"section\" data-settings=\"{&quot;background_background&quot;:&quot;classic&quot;}\">\n\t\t\t\t\t\t<div class=\"elementor-container elementor-column-gap-default\">\n\t\t\t\t\t<div class=\"elementor-column elementor-col-100 elementor-top-column elementor-element elementor-element-60576ca5\" data-id=\"60576ca5\" data-element_type=\"column\">\n\t\t\t<div class=\"elementor-widget-wrap elementor-element-populated\">\n\t\t\t\t\t\t\t\t<div class=\"elementor-element elementor-element-55478bc7 elementor-widget elementor-widget-spacer\" data-id=\"55478bc7\" data-element_type=\"widget\" data-widget_type=\"spacer.default\">\n\t\t\t\t<div class=\"elementor-widget-container\">\n\t\t\t\t\t<div class=\"elementor-spacer\">\n\t\t\t<div class=\"elementor-spacer-inner\"><\/div>\n\t\t<\/div>\n\t\t\t\t<\/div>\n\t\t\t\t<\/div>\n\t\t\t\t<div class=\"elementor-element elementor-element-1202eec6 elementor-widget elementor-widget-heading\" data-id=\"1202eec6\" data-element_type=\"widget\" data-widget_type=\"heading.default\">\n\t\t\t\t<div class=\"elementor-widget-container\">\n\t\t\t<h4 class=\"elementor-heading-title elementor-size-default\">Sensibilizaci\u00f3n<\/h4>\t\t<\/div>\n\t\t\t\t<\/div>\n\t\t\t\t<div class=\"elementor-element elementor-element-75422088 elementor-widget elementor-widget-image\" data-id=\"75422088\" data-element_type=\"widget\" data-widget_type=\"image.default\">\n\t\t\t\t<div class=\"elementor-widget-container\">\n\t\t\t\t\t\t\t\t\t\t\t\t\t\t\t<img width=\"300\" height=\"3\" src=\"https:\/\/www.uniamazonia.edu.co\/arainmba\/wp-content\/uploads\/2021\/09\/line-300x3.png\" class=\"attachment-medium size-medium\" alt=\"\" loading=\"lazy\" srcset=\"https:\/\/www.uniamazonia.edu.co\/arainmba\/wp-content\/uploads\/2021\/09\/line-300x3.png 300w, https:\/\/www.uniamazonia.edu.co\/arainmba\/wp-content\/uploads\/2021\/09\/line-1024x11.png 1024w, https:\/\/www.uniamazonia.edu.co\/arainmba\/wp-content\/uploads\/2021\/09\/line-768x8.png 768w, https:\/\/www.uniamazonia.edu.co\/arainmba\/wp-content\/uploads\/2021\/09\/line.png 1398w\" sizes=\"(max-width: 300px) 100vw, 300px\" \/>\t\t\t\t\t\t\t\t\t\t\t\t\t\t\t<\/div>\n\t\t\t\t<\/div>\n\t\t\t\t<div class=\"elementor-element elementor-element-3749c064 elementor-widget elementor-widget-wp-widget-text\" data-id=\"3749c064\" data-element_type=\"widget\" data-widget_type=\"wp-widget-text.default\">\n\t\t\t\t<div class=\"elementor-widget-container\">\n\t\t\t\t\t\t<div class=\"textwidget\"><p style=\"text-align: justify\"><span lang=\"ES\" style=\"margin: 0px;padding: 0px;font-size: 11pt;line-height: 15.6933px;font-family: Lato;color: #000\">El desarrollo y la puesta en marcha del proyecto de investigaci\u00f3n <\/span><span style=\"margin: 0px;padding: 0px;font-weight: bold;font-family: Lato;font-size: medium\"><span lang=\"ES\" style=\"margin: 0px;padding: 0px;font-size: 11pt;line-height: 15.6933px;font-family: Lato;color: #1d5712\">ARAINMBA <\/span><\/span><span style=\"color: #000000;font-family: Lato;font-size: 11pt\">en su fase inicial estuvo condicionada por la situaci\u00f3n actual derivada del COVID-19 , en el cual pretend\u00eda recoger informaci\u00f3n de campo clave y precisa, aprovechando el desplazamiento t\u00e9cnico y log\u00edstico del personal del proyecto por los diferentes puntos del departamento, de estas especies y productos en cuanto a su producci\u00f3n, manipulaci\u00f3n, conservaci\u00f3n, elaboraci\u00f3n, distribuci\u00f3n, entre otros factores socioecon\u00f3micos, de forma tal que pueda servir de informaci\u00f3n con soporte cient\u00edfico \u00fatil para ser entregada a la comunidad y entidades encargadas de toma de decisiones como insumos para su uso potencial agroindustrial en futuros proyectos y tambi\u00e9n para la preservaci\u00f3n, conservaci\u00f3n y aprovechamiento sostenible para la competitividad.<\/span><\/p>\n<p style=\"text-align: justify\"><span style=\"color: #000000;font-family: Lato;font-size: 11pt\">En ese orden de ideas, se pretend\u00eda realizar ejercicios de sensibilizaci\u00f3n mediante el apoyo de video proyector con intervenci\u00f3n activa de las organizaciones participantes, con el fin de comunicar el alcance de las actividades a realizar en cada uno de los municipios priorizados y tambi\u00e9n los compromisos que adquieren las organizaciones y productores para el desarrollo del proyecto de investigaci\u00f3n. Sin embargo, frente a la situaci\u00f3n de la emergencia sanitaria esta actividad tuvo que se replanteada por una convocatoria bajo el formato Webinar.<\/p>\n<p><\/span><span style=\"color: #000000;font-family: Lato;font-size: 11pt\">Para enfrentar este contratiempo, se dispuso de un equipo de log\u00edstica el cual realiz\u00f3 la invitaci\u00f3n al Webinar que se program\u00f3 para el 25 de septiembre del a\u00f1o 2020, la divulgaci\u00f3n fue a trav\u00e9s de medios radiales, programas televisivos regionales, v\u00eda telef\u00f3nica y mensajes de texto a los productores de producci\u00f3n bovina y porcina de los municipios priorizados. En el trascurso del Webinar se enfoc\u00f3 en la socializaci\u00f3n de la existencia de un proyecto de investigaci\u00f3n en torno al aprovechamiento sostenibles de los PNMB Y Agroindustriales de la regi\u00f3n amaz\u00f3nica para nutricional animal. A dem\u00e1s se foment\u00f3 la participaci\u00f3n de los productores bovinos y porcinos, caracterizaci\u00f3n de los territorios focalizados, \u00e1reas priorizados y medios de vinculaci\u00f3n de los productores en las diferentes fases del proyecto de investigaci\u00f3n<br \/>\n<\/span> <span style=\"margin: 0px;padding: 0px;font-weight: bold;font-family: Lato;font-size: medium\"><span lang=\"ES\" style=\"margin: 0px;padding: 0px;font-size: 11pt;line-height: 15.6933px;font-family: Lato;color: #1d5712\">ARAINMBA <\/span><\/span><\/p>\n<\/div>\n\t\t\t\t<\/div>\n\t\t\t\t<\/div>\n\t\t\t\t\t<\/div>\n\t\t<\/div>\n\t\t\t\t\t\t\t<\/div>\n\t\t<\/section>\n\t\t\t\t<section class=\"elementor-section elementor-top-section elementor-element elementor-element-a34bc64 elementor-section-boxed elementor-section-height-default elementor-section-height-default\" data-id=\"a34bc64\" data-element_type=\"section\">\n\t\t\t\t\t\t<div class=\"elementor-container elementor-column-gap-default\">\n\t\t\t\t\t<div class=\"elementor-column elementor-col-50 elementor-top-column elementor-element elementor-element-6dcb0e4\" data-id=\"6dcb0e4\" data-element_type=\"column\">\n\t\t\t<div class=\"elementor-widget-wrap elementor-element-populated\">\n\t\t\t\t\t\t\t\t<div class=\"elementor-element elementor-element-1ba3e31 elementor-aspect-ratio-169 elementor-widget elementor-widget-video\" data-id=\"1ba3e31\" data-element_type=\"widget\" data-settings=\"{&quot;youtube_url&quot;:&quot;https:\\\/\\\/youtu.be\\\/aAN0b154ntI&quot;,&quot;video_type&quot;:&quot;youtube&quot;,&quot;controls&quot;:&quot;yes&quot;,&quot;aspect_ratio&quot;:&quot;169&quot;}\" data-widget_type=\"video.default\">\n\t\t\t\t<div class=\"elementor-widget-container\">\n\t\t\t\t\t<div class=\"elementor-wrapper elementor-fit-aspect-ratio elementor-open-inline\">\n\t\t\t<div class=\"elementor-video\"><\/div>\t\t<\/div>\n\t\t\t\t<\/div>\n\t\t\t\t<\/div>\n\t\t\t\t\t<\/div>\n\t\t<\/div>\n\t\t\t\t<div class=\"elementor-column elementor-col-50 elementor-top-column elementor-element elementor-element-f947c66\" data-id=\"f947c66\" data-element_type=\"column\">\n\t\t\t<div class=\"elementor-widget-wrap elementor-element-populated\">\n\t\t\t\t\t\t\t\t<div class=\"elementor-element elementor-element-4d43e15 elementor-aspect-ratio-169 elementor-widget elementor-widget-video\" data-id=\"4d43e15\" data-element_type=\"widget\" data-settings=\"{&quot;youtube_url&quot;:&quot;https:\\\/\\\/youtu.be\\\/7c_uEcW44CU&quot;,&quot;video_type&quot;:&quot;youtube&quot;,&quot;controls&quot;:&quot;yes&quot;,&quot;aspect_ratio&quot;:&quot;169&quot;}\" data-widget_type=\"video.default\">\n\t\t\t\t<div class=\"elementor-widget-container\">\n\t\t\t\t\t<div class=\"elementor-wrapper elementor-fit-aspect-ratio elementor-open-inline\">\n\t\t\t<div class=\"elementor-video\"><\/div>\t\t<\/div>\n\t\t\t\t<\/div>\n\t\t\t\t<\/div>\n\t\t\t\t\t<\/div>\n\t\t<\/div>\n\t\t\t\t\t\t\t<\/div>\n\t\t<\/section>\n\t\t\t\t<section class=\"elementor-section elementor-top-section elementor-element elementor-element-adf0ec7 elementor-section-boxed elementor-section-height-default elementor-section-height-default\" data-id=\"adf0ec7\" data-element_type=\"section\">\n\t\t\t\t\t\t<div class=\"elementor-container elementor-column-gap-default\">\n\t\t\t\t\t<div class=\"elementor-column elementor-col-100 elementor-top-column elementor-element elementor-element-8e50498\" data-id=\"8e50498\" data-element_type=\"column\">\n\t\t\t<div class=\"elementor-widget-wrap elementor-element-populated\">\n\t\t\t\t\t\t\t\t<div class=\"elementor-element elementor-element-8fbb1f5 elementor-widget elementor-widget-shortcode\" data-id=\"8fbb1f5\" data-element_type=\"widget\" data-widget_type=\"shortcode.default\">\n\t\t\t\t<div class=\"elementor-widget-container\">\n\t\t\t\t\t<div class=\"elementor-shortcode\"><div class=\"_df_book df-lite\" id=\"df_1820\"  data-title=\"sensibilizacion\" _slug=\"sensibilizacion\" wpoptions=\"true\" thumbtype=\"bg\" ><p class=\"df-raw-loading\">Please wait while flipbook is loading. For more related info, FAQs and issues please refer to <a href=\"https:\/\/wordpress.org\/plugins\/3d-flipbook-dflip-lite\/#installation\">DearFlip WordPress Flipbook Plugin Help<\/a> documentation.<\/p><\/div><script class=\"df-shortcode-script\" type=\"application\/javascript\">window.option_df_1820 = {\"outline\":[],\"backgroundColor\":\"#fffff\",\"forceFit\":\"true\",\"autoEnableOutline\":\"false\",\"autoEnableThumbnail\":\"false\",\"overwritePDFOutline\":\"false\",\"enableDownload\":\"false\",\"direction\":\"1\",\"pageSize\":\"0\",\"source\":\"https:\\\/\\\/www.uniamazonia.edu.co\\\/arainmba\\\/wp-content\\\/uploads\\\/2022\\\/03\\\/cartilla_sensibilizacion.pdf\",\"wpOptions\":\"true\"}; if(window.DFLIP && window.DFLIP.parseBooks){window.DFLIP.parseBooks();}<\/script><\/div>\n\t\t\t\t<\/div>\n\t\t\t\t<\/div>\n\t\t\t\t\t<\/div>\n\t\t<\/div>\n\t\t\t\t\t\t\t<\/div>\n\t\t<\/section>\n\t\t\t\t\t\t<\/div>\n\t\t\t\t\t<\/div>\n\t\t","protected":false},"excerpt":{"rendered":"<p>Sensibilizaci\u00f3n https:\/\/youtu.be\/aAN0b154ntIhttps:\/\/youtu.be\/7c_uEcW44CU<\/p>\n","protected":false},"author":1,"featured_media":0,"parent":0,"menu_order":0,"comment_status":"closed","ping_status":"closed","template":"","meta":[],"_links":{"self":[{"href":"https:\/\/www.uniamazonia.edu.co\/arainmba\/index.php\/wp-json\/wp\/v2\/pages\/228"}],"collection":[{"href":"https:\/\/www.uniamazonia.edu.co\/arainmba\/index.php\/wp-json\/wp\/v2\/pages"}],"about":[{"href":"https:\/\/www.uniamazonia.edu.co\/arainmba\/index.php\/wp-json\/wp\/v2\/types\/page"}],"author":[{"embeddable":true,"href":"https:\/\/www.uniamazonia.edu.co\/arainmba\/index.php\/wp-json\/wp\/v2\/users\/1"}],"replies":[{"embeddable":true,"href":"https:\/\/www.uniamazonia.edu.co\/arainmba\/index.php\/wp-json\/wp\/v2\/comments?post=228"}],"version-history":[{"count":21,"href":"https:\/\/www.uniamazonia.edu.co\/arainmba\/index.php\/wp-json\/wp\/v2\/pages\/228\/revisions"}],"predecessor-version":[{"id":1826,"href":"https:\/\/www.uniamazonia.edu.co\/arainmba\/index.php\/wp-json\/wp\/v2\/pages\/228\/revisions\/1826"}],"wp:attachment":[{"href":"https:\/\/www.uniamazonia.edu.co\/arainmba\/index.php\/wp-json\/wp\/v2\/media?parent=228"}],"curies":[{"name":"wp","href":"https:\/\/api.w.org\/{rel}","templated":true}]}}