{"id":1682,"date":"2022-03-04T16:42:34","date_gmt":"2022-03-04T21:42:34","guid":{"rendered":"https:\/\/www.uniamazonia.edu.co\/arainmba\/?page_id=1682"},"modified":"2022-05-03T15:11:55","modified_gmt":"2022-05-03T20:11:55","slug":"seminario","status":"publish","type":"page","link":"https:\/\/www.uniamazonia.edu.co\/arainmba\/index.php\/seminario\/","title":{"rendered":"Seminario"},"content":{"rendered":"\t\t<div data-elementor-type=\"wp-page\" data-elementor-id=\"1682\" class=\"elementor elementor-1682\" data-elementor-settings=\"[]\">\n\t\t\t\t\t\t\t<div class=\"elementor-section-wrap\">\n\t\t\t\t\t\t\t<section class=\"elementor-section elementor-top-section elementor-element elementor-element-13faf71a elementor-section-boxed elementor-section-height-default elementor-section-height-default\" data-id=\"13faf71a\" data-element_type=\"section\" data-settings=\"{&quot;background_background&quot;:&quot;classic&quot;}\">\n\t\t\t\t\t\t<div class=\"elementor-container elementor-column-gap-default\">\n\t\t\t\t\t<div class=\"elementor-column elementor-col-50 elementor-top-column elementor-element elementor-element-2786b603\" data-id=\"2786b603\" data-element_type=\"column\">\n\t\t\t<div class=\"elementor-widget-wrap elementor-element-populated\">\n\t\t\t\t\t\t\t\t<div class=\"elementor-element elementor-element-e78c159 elementor-widget elementor-widget-spacer\" data-id=\"e78c159\" data-element_type=\"widget\" data-widget_type=\"spacer.default\">\n\t\t\t\t<div class=\"elementor-widget-container\">\n\t\t\t\t\t<div class=\"elementor-spacer\">\n\t\t\t<div class=\"elementor-spacer-inner\"><\/div>\n\t\t<\/div>\n\t\t\t\t<\/div>\n\t\t\t\t<\/div>\n\t\t\t\t<div class=\"elementor-element elementor-element-78c11d0 elementor-widget elementor-widget-wp-widget-text\" data-id=\"78c11d0\" data-element_type=\"widget\" data-widget_type=\"wp-widget-text.default\">\n\t\t\t\t<div class=\"elementor-widget-container\">\n\t\t\t\t\t\t<div class=\"textwidget\"><p style=\"text-align: justify\"><span lang=\"ES\" style=\"margin: 0px;padding: 0px;font-size: 11pt;line-height: 15.6933px;font-family: Lato;color: #000\">Para llevar a cabo la investigaci\u00f3n se procedi\u00f3 a realizar una caracterizaci\u00f3n de los factores productivos, socioecon\u00f3micos y ambientales de los sistemas de producci\u00f3n bovinos y porcinos a 152 predios; priorizando los cinco (5) municipios: Cartagena del Chaira, Albania, El Doncello, Puerto Rico y San Vicente del Cagu\u00e1n; de los cuales se seleccionaron dos fincas por municipio donde se recolectaron muestras de tallos hojas y semillas de Piptocoma discolor, Cratilya argentea y frutos maduros de Maurytia Flexuosa y Oenocarpus Bataua en cada unidad, para un total de 50 muestras por cada RNMB.\u00a0 Para llevar a cabo la investigaci\u00f3n se procedi\u00f3 a realizar una caracterizaci\u00f3n de los factores productivos, socioecon\u00f3micos y ambientales de los sistemas de producci\u00f3n bovinos y porcinos a 152 predios; priorizando los cinco (5) municipios: Cartagena del Chaira, Albania, El Doncello, Puerto Rico y San Vicente del Cagu\u00e1n; de los cuales se seleccionaron dos fincas por municipio donde se recolectaron muestras de tallos hojas y semillas de Piptocoma discolor, Cratilya argentea y frutos maduros de Maurytia Flexuosa y Oenocarpus Bataua en cada unidad, para un total de 50 muestras por cada RNMB. <\/span><\/p>\n<\/div>\n\t\t\t\t<\/div>\n\t\t\t\t<\/div>\n\t\t\t\t\t<\/div>\n\t\t<\/div>\n\t\t\t\t<div class=\"elementor-column elementor-col-50 elementor-top-column elementor-element elementor-element-2e45631d\" data-id=\"2e45631d\" data-element_type=\"column\">\n\t\t\t<div class=\"elementor-widget-wrap elementor-element-populated\">\n\t\t\t\t\t\t\t\t<div class=\"elementor-element elementor-element-59ac8f65 elementor-widget elementor-widget-spacer\" data-id=\"59ac8f65\" data-element_type=\"widget\" data-widget_type=\"spacer.default\">\n\t\t\t\t<div class=\"elementor-widget-container\">\n\t\t\t\t\t<div class=\"elementor-spacer\">\n\t\t\t<div class=\"elementor-spacer-inner\"><\/div>\n\t\t<\/div>\n\t\t\t\t<\/div>\n\t\t\t\t<\/div>\n\t\t\t\t<div class=\"elementor-element elementor-element-183bcfe2 elementor-aspect-ratio-169 elementor-widget elementor-widget-video\" data-id=\"183bcfe2\" data-element_type=\"widget\" data-settings=\"{&quot;youtube_url&quot;:&quot;https:\\\/\\\/www.youtube.com\\\/watch?v=024d7ocOzSs&amp;feature=youtu.be&quot;,&quot;video_type&quot;:&quot;youtube&quot;,&quot;controls&quot;:&quot;yes&quot;,&quot;aspect_ratio&quot;:&quot;169&quot;}\" data-widget_type=\"video.default\">\n\t\t\t\t<div class=\"elementor-widget-container\">\n\t\t\t\t\t<div class=\"elementor-wrapper elementor-fit-aspect-ratio elementor-open-inline\">\n\t\t\t<div class=\"elementor-video\"><\/div>\t\t<\/div>\n\t\t\t\t<\/div>\n\t\t\t\t<\/div>\n\t\t\t\t<div class=\"elementor-element elementor-element-174f060e elementor-widget elementor-widget-spacer\" data-id=\"174f060e\" data-element_type=\"widget\" data-widget_type=\"spacer.default\">\n\t\t\t\t<div class=\"elementor-widget-container\">\n\t\t\t\t\t<div class=\"elementor-spacer\">\n\t\t\t<div class=\"elementor-spacer-inner\"><\/div>\n\t\t<\/div>\n\t\t\t\t<\/div>\n\t\t\t\t<\/div>\n\t\t\t\t\t<\/div>\n\t\t<\/div>\n\t\t\t\t\t\t\t<\/div>\n\t\t<\/section>\n\t\t\t\t<section class=\"elementor-section elementor-top-section elementor-element elementor-element-5b7cac5 elementor-section-boxed elementor-section-height-default elementor-section-height-default\" data-id=\"5b7cac5\" data-element_type=\"section\" data-settings=\"{&quot;background_background&quot;:&quot;classic&quot;}\">\n\t\t\t\t\t\t<div class=\"elementor-container elementor-column-gap-default\">\n\t\t\t\t\t<div class=\"elementor-column elementor-col-100 elementor-top-column elementor-element elementor-element-dfc8dc2\" data-id=\"dfc8dc2\" data-element_type=\"column\">\n\t\t\t<div class=\"elementor-widget-wrap elementor-element-populated\">\n\t\t\t\t\t\t\t\t<div class=\"elementor-element elementor-element-2858600 elementor-widget elementor-widget-wp-widget-text\" data-id=\"2858600\" data-element_type=\"widget\" data-widget_type=\"wp-widget-text.default\">\n\t\t\t\t<div class=\"elementor-widget-container\">\n\t\t\t\t\t\t<div class=\"textwidget\"><p style=\"text-align: justify\"><span lang=\"ES\" style=\"margin: 0px;padding: 0px;font-size: 11pt;line-height: 15.6933px;font-family: Lato;color: #000\">La consecuci\u00f3n de los subproductos agroindustriales cacota se realiz\u00f3 en los municipios del Paujil, San Vicente del Cagu\u00e1n, el Doncello y Puerto Rico debido a que en Cartagena del Chaira y Albania no se encontr\u00f3 producci\u00f3n de cacao dentro de los predios, del mismo modo el Palmiste se adquiri\u00f3 a trav\u00e9s de las casas comerciales del departamento, seguidamente fueron trasladadas al centro de investigaci\u00f3n CIMAZ- MACAGUAL \u201cCesar Augusto Estrada Gonz\u00e1lez\u201d al laboratorio de Evaluaci\u00f3n de Forrajes y Nutrici\u00f3n Animal de la Universidad de la Amazonia; sometidas al proceso para determinar los an\u00e1lisis bromatol\u00f3gicos de cada una de estas especies, para luego estas materias primas ser convertidas en harina en el proceso de transformaci\u00f3n determinando as\u00ed la formulaci\u00f3n para procesar los alimentos balanceados. <\/span><\/p>\n<p style=\"text-align: justify\"><span lang=\"ES\" style=\"margin: 0px;padding: 0px;font-size: 11pt;line-height: 15.6933px;font-family: Lato;color: #000\">Si quieres asistir a nuestro seminario llena el formulario dando <strong><a href=\"https:\/\/forms.gle\/4ippoA2PitgMz9tL9\">clic aqu\u00ed<\/a><\/strong><\/span><\/p>\n<\/div>\n\t\t\t\t<\/div>\n\t\t\t\t<\/div>\n\t\t\t\t\t<\/div>\n\t\t<\/div>\n\t\t\t\t\t\t\t<\/div>\n\t\t<\/section>\n\t\t\t\t<section class=\"elementor-section elementor-top-section elementor-element elementor-element-6c1072b elementor-section-boxed elementor-section-height-default elementor-section-height-default\" data-id=\"6c1072b\" data-element_type=\"section\" data-settings=\"{&quot;background_background&quot;:&quot;classic&quot;}\">\n\t\t\t\t\t\t<div class=\"elementor-container elementor-column-gap-default\">\n\t\t\t\t\t<div class=\"elementor-column elementor-col-50 elementor-top-column elementor-element elementor-element-25da681\" data-id=\"25da681\" data-element_type=\"column\">\n\t\t\t<div class=\"elementor-widget-wrap elementor-element-populated\">\n\t\t\t\t\t\t\t\t<div class=\"elementor-element elementor-element-8561ffd elementor-widget elementor-widget-image-gallery\" data-id=\"8561ffd\" data-element_type=\"widget\" data-widget_type=\"image-gallery.default\">\n\t\t\t\t<div class=\"elementor-widget-container\">\n\t\t\t\t\t<div class=\"elementor-image-gallery\">\n\t\t\t\n\t\t<style type=\"text\/css\">\n\t\t\t#gallery-1 {\n\t\t\t\tmargin: auto;\n\t\t\t}\n\t\t\t#gallery-1 .gallery-item {\n\t\t\t\tfloat: left;\n\t\t\t\tmargin-top: 10px;\n\t\t\t\ttext-align: center;\n\t\t\t\twidth: 100%;\n\t\t\t}\n\t\t\t#gallery-1 img {\n\t\t\t\tborder: 2px solid #cfcfcf;\n\t\t\t}\n\t\t\t#gallery-1 .gallery-caption {\n\t\t\t\tmargin-left: 0;\n\t\t\t}\n\t\t\t\/* see gallery_shortcode() in wp-includes\/media.php *\/\n\t\t<\/style>\n\t\t<div id='gallery-1' class='gallery galleryid-1682 gallery-columns-1 gallery-size-medium_large'><dl class='gallery-item'>\n\t\t\t<dt class='gallery-icon portrait'>\n\t\t\t\t<a data-elementor-open-lightbox=\"yes\" data-elementor-lightbox-slideshow=\"8561ffd\" data-elementor-lightbox-title=\"Clic-en--lupa-para-ampliar\" href='https:\/\/www.uniamazonia.edu.co\/arainmba\/wp-content\/uploads\/2022\/03\/Clic-en-lupa-para-ampliar.jpg'><img width=\"768\" height=\"1003\" src=\"https:\/\/www.uniamazonia.edu.co\/arainmba\/wp-content\/uploads\/2022\/03\/Clic-en-lupa-para-ampliar-768x1003.jpg\" class=\"attachment-medium_large size-medium_large\" alt=\"\" loading=\"lazy\" aria-describedby=\"gallery-1-1784\" srcset=\"https:\/\/www.uniamazonia.edu.co\/arainmba\/wp-content\/uploads\/2022\/03\/Clic-en-lupa-para-ampliar-768x1003.jpg 768w, https:\/\/www.uniamazonia.edu.co\/arainmba\/wp-content\/uploads\/2022\/03\/Clic-en-lupa-para-ampliar-230x300.jpg 230w, https:\/\/www.uniamazonia.edu.co\/arainmba\/wp-content\/uploads\/2022\/03\/Clic-en-lupa-para-ampliar-784x1024.jpg 784w, https:\/\/www.uniamazonia.edu.co\/arainmba\/wp-content\/uploads\/2022\/03\/Clic-en-lupa-para-ampliar.jpg 1046w\" sizes=\"(max-width: 768px) 100vw, 768px\" \/><\/a>\n\t\t\t<\/dt>\n\t\t\t\t<dd class='wp-caption-text gallery-caption' id='gallery-1-1784'>\n\t\t\t\tClic para ampliar\n\t\t\t\t<\/dd><\/dl><br style=\"clear: both\" \/>\n\t\t<\/div>\n\t\t<\/div>\n\t\t\t\t<\/div>\n\t\t\t\t<\/div>\n\t\t\t\t\t<\/div>\n\t\t<\/div>\n\t\t\t\t<div class=\"elementor-column elementor-col-50 elementor-top-column elementor-element elementor-element-f2406f7\" data-id=\"f2406f7\" data-element_type=\"column\">\n\t\t\t<div class=\"elementor-widget-wrap elementor-element-populated\">\n\t\t\t\t\t\t\t\t<div class=\"elementor-element elementor-element-6e55b09 elementor-widget elementor-widget-image-gallery\" data-id=\"6e55b09\" data-element_type=\"widget\" data-widget_type=\"image-gallery.default\">\n\t\t\t\t<div class=\"elementor-widget-container\">\n\t\t\t\t\t<div class=\"elementor-image-gallery\">\n\t\t\t\n\t\t<style type=\"text\/css\">\n\t\t\t#gallery-2 {\n\t\t\t\tmargin: auto;\n\t\t\t}\n\t\t\t#gallery-2 .gallery-item {\n\t\t\t\tfloat: left;\n\t\t\t\tmargin-top: 10px;\n\t\t\t\ttext-align: center;\n\t\t\t\twidth: 100%;\n\t\t\t}\n\t\t\t#gallery-2 img {\n\t\t\t\tborder: 2px solid #cfcfcf;\n\t\t\t}\n\t\t\t#gallery-2 .gallery-caption {\n\t\t\t\tmargin-left: 0;\n\t\t\t}\n\t\t\t\/* see gallery_shortcode() in wp-includes\/media.php *\/\n\t\t<\/style>\n\t\t<div id='gallery-2' class='gallery galleryid-1682 gallery-columns-1 gallery-size-medium_large'><dl class='gallery-item'>\n\t\t\t<dt class='gallery-icon portrait'>\n\t\t\t\t<a data-elementor-open-lightbox=\"yes\" data-elementor-lightbox-slideshow=\"6e55b09\" data-elementor-lightbox-title=\"Clic-en-la-lupa-para-ampliar\" href='https:\/\/www.uniamazonia.edu.co\/arainmba\/wp-content\/uploads\/2022\/03\/Clic-en-la-lupa-para-ampliar.jpg'><img width=\"768\" height=\"1003\" src=\"https:\/\/www.uniamazonia.edu.co\/arainmba\/wp-content\/uploads\/2022\/03\/Clic-en-la-lupa-para-ampliar-768x1003.jpg\" class=\"attachment-medium_large size-medium_large\" alt=\"\" loading=\"lazy\" aria-describedby=\"gallery-2-1785\" srcset=\"https:\/\/www.uniamazonia.edu.co\/arainmba\/wp-content\/uploads\/2022\/03\/Clic-en-la-lupa-para-ampliar-768x1003.jpg 768w, https:\/\/www.uniamazonia.edu.co\/arainmba\/wp-content\/uploads\/2022\/03\/Clic-en-la-lupa-para-ampliar-230x300.jpg 230w, https:\/\/www.uniamazonia.edu.co\/arainmba\/wp-content\/uploads\/2022\/03\/Clic-en-la-lupa-para-ampliar-784x1024.jpg 784w, https:\/\/www.uniamazonia.edu.co\/arainmba\/wp-content\/uploads\/2022\/03\/Clic-en-la-lupa-para-ampliar.jpg 1046w\" sizes=\"(max-width: 768px) 100vw, 768px\" \/><\/a>\n\t\t\t<\/dt>\n\t\t\t\t<dd class='wp-caption-text gallery-caption' id='gallery-2-1785'>\n\t\t\t\tClic para ampliar\n\t\t\t\t<\/dd><\/dl><br style=\"clear: both\" \/>\n\t\t<\/div>\n\t\t<\/div>\n\t\t\t\t<\/div>\n\t\t\t\t<\/div>\n\t\t\t\t\t<\/div>\n\t\t<\/div>\n\t\t\t\t\t\t\t<\/div>\n\t\t<\/section>\n\t\t\t\t<section class=\"elementor-section elementor-top-section elementor-element elementor-element-6f28a00 elementor-section-boxed elementor-section-height-default elementor-section-height-default\" data-id=\"6f28a00\" data-element_type=\"section\">\n\t\t\t\t\t\t<div class=\"elementor-container elementor-column-gap-default\">\n\t\t\t\t\t<div class=\"elementor-column elementor-col-100 elementor-top-column elementor-element elementor-element-85d8423\" data-id=\"85d8423\" data-element_type=\"column\">\n\t\t\t<div class=\"elementor-widget-wrap elementor-element-populated\">\n\t\t\t\t\t\t\t\t<div class=\"elementor-element elementor-element-6b2d1d5 elementor-widget elementor-widget-image-gallery\" data-id=\"6b2d1d5\" data-element_type=\"widget\" data-widget_type=\"image-gallery.default\">\n\t\t\t\t<div class=\"elementor-widget-container\">\n\t\t\t\t\t<div class=\"elementor-image-gallery\">\n\t\t\t\n\t\t<style type=\"text\/css\">\n\t\t\t#gallery-3 {\n\t\t\t\tmargin: auto;\n\t\t\t}\n\t\t\t#gallery-3 .gallery-item {\n\t\t\t\tfloat: left;\n\t\t\t\tmargin-top: 10px;\n\t\t\t\ttext-align: center;\n\t\t\t\twidth: 100%;\n\t\t\t}\n\t\t\t#gallery-3 img {\n\t\t\t\tborder: 2px solid #cfcfcf;\n\t\t\t}\n\t\t\t#gallery-3 .gallery-caption {\n\t\t\t\tmargin-left: 0;\n\t\t\t}\n\t\t\t\/* see gallery_shortcode() in wp-includes\/media.php *\/\n\t\t<\/style>\n\t\t<div id='gallery-3' class='gallery galleryid-1682 gallery-columns-1 gallery-size-large'><dl class='gallery-item'>\n\t\t\t<dt class='gallery-icon landscape'>\n\t\t\t\t<a data-elementor-open-lightbox=\"yes\" data-elementor-lightbox-slideshow=\"6b2d1d5\" data-elementor-lightbox-title=\"conferencistas\" href='https:\/\/www.uniamazonia.edu.co\/arainmba\/wp-content\/uploads\/2022\/03\/conferencistas.jpg'><img width=\"1024\" height=\"684\" src=\"https:\/\/www.uniamazonia.edu.co\/arainmba\/wp-content\/uploads\/2022\/03\/conferencistas-1024x684.jpg\" class=\"attachment-large size-large\" alt=\"\" loading=\"lazy\" aria-describedby=\"gallery-3-1787\" srcset=\"https:\/\/www.uniamazonia.edu.co\/arainmba\/wp-content\/uploads\/2022\/03\/conferencistas-1024x684.jpg 1024w, https:\/\/www.uniamazonia.edu.co\/arainmba\/wp-content\/uploads\/2022\/03\/conferencistas-300x200.jpg 300w, https:\/\/www.uniamazonia.edu.co\/arainmba\/wp-content\/uploads\/2022\/03\/conferencistas-768x513.jpg 768w, https:\/\/www.uniamazonia.edu.co\/arainmba\/wp-content\/uploads\/2022\/03\/conferencistas-1536x1026.jpg 1536w, https:\/\/www.uniamazonia.edu.co\/arainmba\/wp-content\/uploads\/2022\/03\/conferencistas.jpg 1559w\" sizes=\"(max-width: 1024px) 100vw, 1024px\" \/><\/a>\n\t\t\t<\/dt>\n\t\t\t\t<dd class='wp-caption-text gallery-caption' id='gallery-3-1787'>\n\t\t\t\tClic para ampliar\n\t\t\t\t<\/dd><\/dl><br style=\"clear: both\" \/>\n\t\t<\/div>\n\t\t<\/div>\n\t\t\t\t<\/div>\n\t\t\t\t<\/div>\n\t\t\t\t<div class=\"elementor-element elementor-element-0f458b1 elementor-widget-divider--view-line elementor-widget elementor-widget-divider\" data-id=\"0f458b1\" data-element_type=\"widget\" data-widget_type=\"divider.default\">\n\t\t\t\t<div class=\"elementor-widget-container\">\n\t\t\t\t\t<div class=\"elementor-divider\">\n\t\t\t<span class=\"elementor-divider-separator\">\n\t\t\t\t\t\t<\/span>\n\t\t<\/div>\n\t\t\t\t<\/div>\n\t\t\t\t<\/div>\n\t\t\t\t\t<\/div>\n\t\t<\/div>\n\t\t\t\t\t\t\t<\/div>\n\t\t<\/section>\n\t\t\t\t<section class=\"elementor-section elementor-top-section elementor-element elementor-element-598c3faf elementor-section-content-middle elementor-section-boxed elementor-section-height-default elementor-section-height-default\" data-id=\"598c3faf\" data-element_type=\"section\" data-settings=\"{&quot;background_background&quot;:&quot;classic&quot;}\">\n\t\t\t\t\t\t<div class=\"elementor-container elementor-column-gap-no\">\n\t\t\t\t\t<div class=\"elementor-column elementor-col-100 elementor-top-column elementor-element elementor-element-555d3761\" data-id=\"555d3761\" data-element_type=\"column\">\n\t\t\t<div class=\"elementor-widget-wrap elementor-element-populated\">\n\t\t\t\t\t\t\t\t<div class=\"elementor-element elementor-element-59ed78e3 elementor-widget elementor-widget-heading\" data-id=\"59ed78e3\" data-element_type=\"widget\" data-widget_type=\"heading.default\">\n\t\t\t\t<div class=\"elementor-widget-container\">\n\t\t\t<h2 class=\"elementor-heading-title elementor-size-default\">Conoce nuestro conferencista invitado<\/h2>\t\t<\/div>\n\t\t\t\t<\/div>\n\t\t\t\t\t<\/div>\n\t\t<\/div>\n\t\t\t\t\t\t\t<\/div>\n\t\t<\/section>\n\t\t\t\t<section class=\"elementor-section elementor-top-section elementor-element elementor-element-7b590e36 elementor-section-content-middle elementor-section-boxed elementor-section-height-default elementor-section-height-default\" data-id=\"7b590e36\" data-element_type=\"section\" data-settings=\"{&quot;background_background&quot;:&quot;classic&quot;}\">\n\t\t\t\t\t\t<div class=\"elementor-container elementor-column-gap-no\">\n\t\t\t\t\t<div class=\"elementor-column elementor-col-100 elementor-top-column elementor-element elementor-element-1cf16b4f\" data-id=\"1cf16b4f\" data-element_type=\"column\">\n\t\t\t<div class=\"elementor-widget-wrap elementor-element-populated\">\n\t\t\t\t\t\t\t\t<div class=\"elementor-element elementor-element-24116c4b elementor-position-left elementor-vertical-align-middle elementor-widget elementor-widget-image-box\" data-id=\"24116c4b\" data-element_type=\"widget\" data-widget_type=\"image-box.default\">\n\t\t\t\t<div class=\"elementor-widget-container\">\n\t\t\t<div class=\"elementor-image-box-wrapper\"><figure class=\"elementor-image-box-img\"><img width=\"400\" height=\"380\" src=\"https:\/\/www.uniamazonia.edu.co\/arainmba\/wp-content\/uploads\/2022\/03\/luis-moreno.png\" class=\"attachment-full size-full\" alt=\"\" loading=\"lazy\" \/><\/figure><div class=\"elementor-image-box-content\"><h3 class=\"elementor-image-box-title\">Esp. Luis Antonio Cuadros<\/h3><p class=\"elementor-image-box-description\">Zootecnista, Especialista en Nutrici\u00f3n y Alimentaci\u00f3n Animal<\/p><\/div><\/div>\t\t<\/div>\n\t\t\t\t<\/div>\n\t\t\t\t<div class=\"elementor-element elementor-element-b784a46 elementor-widget elementor-widget-heading\" data-id=\"b784a46\" data-element_type=\"widget\" data-widget_type=\"heading.default\">\n\t\t\t\t<div class=\"elementor-widget-container\">\n\t\t\t<h3 class=\"elementor-heading-title elementor-size-default\">Conferencia: Alimentaci\u00f3n con materias primas no convencionales para rumiantes y porcinos\u200b<\/h3>\t\t<\/div>\n\t\t\t\t<\/div>\n\t\t\t\t<div class=\"elementor-element elementor-element-27d837ca elementor-widget elementor-widget-text-editor\" data-id=\"27d837ca\" data-element_type=\"widget\" data-widget_type=\"text-editor.default\">\n\t\t\t\t<div class=\"elementor-widget-container\">\n\t\t\t\t\t\t\t<p><span style=\"box-sizing: border-box; margin: 0px; padding: 0px; outline: 0px; font-weight: medium; font-family: Lato; font-size: medium;\"><span lang=\"ES\" style=\"box-sizing: border-box; margin: 0px; padding: 0px; outline: 0px; font-size: 11pt; line-height: 15.6933px; font-family: Lato; color: #000;\">Con 35 a\u00f1os de experiencia en: Docencia universitaria, asistencia profesional e investigaci\u00f3n, asesor de explotaciones Ganaderas, (lecheras, doble prop\u00f3sito y de carne), y de proyectos para empresas nacionales. Docente e investigador en: Suelos, Pastos y Forrajes, Nutrici\u00f3n de Rumiantes y Monog\u00e1stricos (con alimentos no convencionales) y producci\u00f3n animal. En los \u00faltimos a\u00f1os participa como director t\u00e9cnico de proyectos de producci\u00f3n mercadeo y posicionamiento de productos para la producci\u00f3n y nutrici\u00f3n animal; en la actualidad gerencia la Compa\u00f1\u00eda LUIS CUADROS MORENO Y CIA S.A. S Nutrici\u00f3n Animal.<\/span><\/span><\/p>\t\t\t\t\t\t<\/div>\n\t\t\t\t<\/div>\n\t\t\t\t\t<\/div>\n\t\t<\/div>\n\t\t\t\t\t\t\t<\/div>\n\t\t<\/section>\n\t\t\t\t\t\t<\/div>\n\t\t\t\t\t<\/div>\n\t\t","protected":false},"excerpt":{"rendered":"<p>Clic para ampliar Clic para ampliar Clic para ampliar Conoce nuestro conferencista invitado Esp. Luis Antonio Cuadros Zootecnista, Especialista en Nutrici\u00f3n y Alimentaci\u00f3n Animal Conferencia: Alimentaci\u00f3n con materias primas no [&hellip;]<\/p>\n","protected":false},"author":1,"featured_media":0,"parent":0,"menu_order":0,"comment_status":"closed","ping_status":"closed","template":"","meta":[],"_links":{"self":[{"href":"https:\/\/www.uniamazonia.edu.co\/arainmba\/index.php\/wp-json\/wp\/v2\/pages\/1682"}],"collection":[{"href":"https:\/\/www.uniamazonia.edu.co\/arainmba\/index.php\/wp-json\/wp\/v2\/pages"}],"about":[{"href":"https:\/\/www.uniamazonia.edu.co\/arainmba\/index.php\/wp-json\/wp\/v2\/types\/page"}],"author":[{"embeddable":true,"href":"https:\/\/www.uniamazonia.edu.co\/arainmba\/index.php\/wp-json\/wp\/v2\/users\/1"}],"replies":[{"embeddable":true,"href":"https:\/\/www.uniamazonia.edu.co\/arainmba\/index.php\/wp-json\/wp\/v2\/comments?post=1682"}],"version-history":[{"count":58,"href":"https:\/\/www.uniamazonia.edu.co\/arainmba\/index.php\/wp-json\/wp\/v2\/pages\/1682\/revisions"}],"predecessor-version":[{"id":1833,"href":"https:\/\/www.uniamazonia.edu.co\/arainmba\/index.php\/wp-json\/wp\/v2\/pages\/1682\/revisions\/1833"}],"wp:attachment":[{"href":"https:\/\/www.uniamazonia.edu.co\/arainmba\/index.php\/wp-json\/wp\/v2\/media?parent=1682"}],"curies":[{"name":"wp","href":"https:\/\/api.w.org\/{rel}","templated":true}]}}